{"id":839,"date":"2023-05-22T16:56:48","date_gmt":"2023-05-22T14:56:48","guid":{"rendered":"https:\/\/dranataliaflores.com\/?page_id=839"},"modified":"2023-05-22T17:01:39","modified_gmt":"2023-05-22T15:01:39","slug":"avis-legal","status":"publish","type":"page","link":"https:\/\/dranataliaflores.com\/es\/avis-legal\/","title":{"rendered":"Av\u00eds legal"},"content":{"rendered":"\t\t<div data-elementor-type=\"wp-page\" data-elementor-id=\"839\" class=\"elementor elementor-839\" data-elementor-post-type=\"page\">\n\t\t\t\t<div class=\"elementor-element elementor-element-338842f e-flex e-con-boxed e-con e-parent\" data-id=\"338842f\" data-element_type=\"container\">\n\t\t\t\t\t<div class=\"e-con-inner\">\n\t\t\t\t<div class=\"elementor-element elementor-element-88b7d6d elementor-widget elementor-widget-heading\" data-id=\"88b7d6d\" data-element_type=\"widget\" data-widget_type=\"heading.default\">\n\t\t\t\t<div class=\"elementor-widget-container\">\n\t\t\t\t\t<h1 class=\"elementor-heading-title elementor-size-default\">Av\u00eds legal<\/h1>\t\t\t\t<\/div>\n\t\t\t\t<\/div>\n\t\t\t\t<div class=\"elementor-element elementor-element-7529ea4 elementor-widget elementor-widget-text-editor\" data-id=\"7529ea4\" data-element_type=\"widget\" data-widget_type=\"text-editor.default\">\n\t\t\t\t<div class=\"elementor-widget-container\">\n\t\t\t\t\t\t\t\t\t<p>Av\u00eds legal i condicions d\u2019\u00fas<\/p><p>Si has arribat a aquest apartat de la meva p\u00e0gina web \u00e9s perqu\u00e8 sens dubte t\u2019interessa saber m\u00e9s sobre la relaci\u00f3 que podem tenir en aquest espai. \u00c9s a dir, con\u00e8ixer les dades de la nostra activitat, la finalitat de la web, que informaci\u00f3 que fem servir a la web i que fem amb les teves dades, i quins s\u00f3n els drets i obligacions que tenim i explicar-te quins s\u00f3n els nostres procediments per protegir les teves dades personals i el nostre comprom\u00eds de confidencialitat.<\/p><p><strong>Dades del Responsable.<\/strong><\/p><ul><li>Identitat del Responsable: Nat\u00e0lia Flores Montero<\/li><li>NIF\/CIF: 46347421Y<\/li><li>Adre\u00e7a: Passatge de Maluquer, 1 3er 2ona Barcelona 08022<\/li><li>Correu electr\u00f2nic: <a href=\"mailto:info@dranataliaflores.com\">info@dranataliaflores.com<\/a><\/li><\/ul><p>En aquest espai, l\u2019usuari podr\u00e0 trobar tota la informaci\u00f3 relativa als termes i condicions legals que defineixen les relacions entre els usuaris i la web. Com a usuari, \u00e9s important que coneguis aquests termes abans de continuar la teva navegaci\u00f3.<\/p><p>La Nat\u00e0lia Flores Montero, com a responsable d\u2019aquesta web, assumeix el comprom\u00eds de processar la informaci\u00f3 dels nostres usuaris amb plenes garanties i complir amb els requisits nacionals i europeus que regulen la recopilaci\u00f3 i \u00fas de les dades personals, d\u2019acord amb el nou RGPD que entra en vigor el dia 25 de maig de 2018.<\/p><p>Aquesta web, per tant, compleix rigorosament amb La Llei Org\u00e0nica 15\/1999, de 13 de desembre, de Protecci\u00f3 de Dades de Car\u00e0cter Personal (LOPD), i amb el Reial decret 1720\/2007, de 21 de desembre, conegut com el Reglament de desenvolupament de la LOPD. Compleix tamb\u00e9 amb el Reglament (UE) 2016\/679 del Parlament Europeu i del Consell de 27 d\u2019abril de 2016 relatiu a la protecci\u00f3 de les persones f\u00edsiques (RGPD), aix\u00ed com amb la Llei 34\/2002, d\u201911 de juliol, de Serveis de la Societat de la Informaci\u00f3 i Comer\u00e7 Electr\u00f2nic (LSSICE o LSSI).<\/p><p><strong>Condicions generals d\u2019\u00fas.<\/strong><\/p><p>Les presents Condicions Generals regulen l\u2019\u00fas (incloent el simple acc\u00e9s) de les p\u00e0gines de web, integrants del lloc web de dranataliaflores.com inclosos els continguts i serveis posats a disposici\u00f3 en elles. Tota persona que accedeixi a la web, <a href=\"http:\/\/www.dranataliaflores.com\">http:\/\/www.dranataliaflores.com<\/a> (\u201cusuari\u201d) accepta sotmetre\u2019s a les Condicions Generals vigents a cada moment del portal <a href=\"http:\/\/www.dranataliaflores.com\">http:\/\/www.dranataliaflores.com<\/a>.<\/p><p>Dades personals que recaptem i com ho fem.<\/p><p><strong>Tens tota la informaci\u00f3 en la Pol\u00edtica de Privacitat<\/strong>.<\/p><p>D\u2019acord amb la normativa de protecci\u00f3 de dades, la persona interessada pot exercir els drets d\u2019acc\u00e9s, cancel\u00b7laci\u00f3, rectificaci\u00f3 o oposici\u00f3, previstos a la Llei org\u00e0nica de protecci\u00f3 de dades de car\u00e0cter personal.<\/p><p><strong>Respecte l\u2019exercici d\u2019aquests drets:<\/strong><\/p><p>Dret d\u2019acc\u00e9s: Saber quines dades de la persona interessada t\u00e9 la Nat\u00e0lia Flores Montero<\/p><p>Dret de rectificaci\u00f3: Rectificar unes dades err\u00f2nies de la persona interessada<\/p><p>Dret de cancel\u00b7laci\u00f3: Eliminar unes dades de la persona interessada<\/p><p>Dret d\u2019oposici\u00f3: Demanar que es deixin de tractar unes dades de la persona interessada<\/p><p>Compromisos i obligacions dels usuaris.<\/p><p>L\u2019usuari queda informat, i accepta, que l\u2019acc\u00e9s a la present web no suposa, de cap manera, l\u2019inici d\u2019una relaci\u00f3 comercial amb dranataliaflores.com. D\u2019aquesta forma, l\u2019usuari es compromet a utilitzar el lloc web, els seus serveis i continguts sense contravenir la legislaci\u00f3 vigent, la bona fe i l\u2019ordre p\u00fablic.<\/p><p>Queda prohibit l\u2019\u00fas de la web, amb finalitats il\u00b7l\u00edcites o lesius, o que, de qualsevol forma, puguin causar perjudici o impedir el normal funcionament del lloc web. Respecte dels continguts d\u2019aquesta web, es prohibeix:<\/p><p>La seva reproducci\u00f3, distribuci\u00f3 o modificaci\u00f3, total o parcial, tret que es compti amb la meva autoritzaci\u00f3 com a leg\u00edtim titular;<\/p><p>Qualsevol vulneraci\u00f3 dels drets del prestador o del meu com a leg\u00edtim titular;<\/p><p>La seva utilitzaci\u00f3 per a finalitats comercials o publicitaris.<\/p><p>En la utilitzaci\u00f3 de la web, http:\/www.dranataliaflores.com l\u2019usuari es compromet a no dur a terme cap conducta que pogu\u00e9s danyar la imatge, els interessos i els drets de la Nat\u00e0lia Flores Montero o de tercers o que pogu\u00e9s danyar, inutilitzar o sobrecarregar el portal <a href=\"http:\/\/www.dranataliaflores.com\">http:\/\/www.dranataliaflores.com<\/a> o que imped\u00eds, de qualsevol forma, la normal utilitzaci\u00f3 de la web.<\/p><p>No obstant aix\u00f2, l\u2019usuari ha de ser conscient que les mesures de seguretat dels sistemes inform\u00e0tics en Internet no s\u00f3n enterament fiables i que, per tant <a href=\"http:\/\/www.dranataliaflores.com\">http:\/\/www.dranataliaflores.com<\/a>\u00a0no pot garantir la inexist\u00e8ncia de malware o altres elements que puguin produir alteracions en els sistemes inform\u00e0tics (programari i maquinari) de l\u2019usuari o en els seus documents electr\u00f2nics i fitxers continguts en els mateixos encara que poso tots els mitjans necessaris i les mesures de seguretat oportunes per evitar la pres\u00e8ncia d\u2019aquests elements nocius.<\/p><p><strong>Mesures de seguretat.<\/strong><\/p><p>Les dades personals comunicats per l\u2019usuari a dranataliaflores.com poden ser emmagatzemats en bases de dades automatitzades o no, la titularitat de les quals correspon en exclusiva a la Nat\u00e0lia Flores Montero, assumint aquest totes les mesures d\u2019\u00edndole t\u00e8cnica, organitzativa i de seguretat que garanteixen la confidencialitat, integritat i qualitat de la informaci\u00f3 continguda en les mateixes d\u2019acord amb l\u2019establert en la normativa vigent en protecci\u00f3 de dades.<\/p><p>Plataforma de resoluci\u00f3 de conflictes.<\/p><p>Posem tamb\u00e9 a la disposici\u00f3 dels usuaris la plataforma de resoluci\u00f3 de litigis que facilita la Comissi\u00f3 Europea i que es troba disponible al seg\u00fcent enlla\u00e7: <a href=\"http:\/\/ec.europa.eu\/consumers\/odr\/\">http:\/\/ec.europa.eu\/consumers\/odr\/<\/a><\/p><p>Drets de propietat intel\u00b7lectual i industrial.<\/p><p>En virtut del que es disposa en els articles 8 i 32.1, par\u00e0graf segon, de la Llei de Propietat Intel\u00b7lectual, queden expressament prohibides la reproducci\u00f3, la distribuci\u00f3 i la comunicaci\u00f3 p\u00fablica, inclosa la seva modalitat de posada a disposici\u00f3, de la totalitat o part dels continguts d\u2019aquesta p\u00e0gina web, amb finalitats comercials, en qualsevol suport i per qualsevol mitj\u00e0 t\u00e8cnic, sense l\u2019autoritzaci\u00f3 de la Nat\u00e0lia Flores Montero. L\u2019usuari es compromet a respectar els drets de Propietat Intel\u00b7lectual i Industrial titularitat de la Nat\u00e0lia Flores Montero.<\/p><p>L\u2019usuari coneix i accepta que la totalitat del lloc web, contenint sense car\u00e0cter exhaustiu el text, programari, continguts (incloent estructura, selecci\u00f3, ordenaci\u00f3 i presentaci\u00f3 dels mateixos) podcast, fotografies, material audiovisual i gr\u00e0fics, est\u00e0 protegida per marques, drets d\u2019autor i altres drets leg\u00edtims, d\u2019acord amb els tractats internacionals en els quals Espanya \u00e9s part i altres drets de propietat i lleis d\u2019Espanya.<\/p><p>En el cas que un usuari o un tercer considerin que s\u2019ha produ\u00eft una violaci\u00f3 dels seus leg\u00edtims drets de propietat intel\u00b7lectual per la introducci\u00f3 d\u2019un determinat contingut a la web, haur\u00e0 de notificar aquesta circumst\u00e0ncia a la Nat\u00e0lia Flores Montero indicant les dades personals de l\u2019interessat titular dels drets presumptament infringits, o indicar la representaci\u00f3 amb la qual actua en cas que la reclamaci\u00f3 la presenti un tercer diferent de l\u2019interessat. Tamb\u00e9 ha d\u2019assenyalar els continguts protegits pels drets de propietat intel\u00b7lectual i la seva ubicaci\u00f3 a la web, l\u2019acreditaci\u00f3 dels drets de propietat intel\u00b7lectual assenyalats i declaraci\u00f3 expressa en la qual l\u2019interessat es responsabilitza de la veracitat de les informacions facilitades en la notificaci\u00f3.<\/p><p>Exclusi\u00f3 de garanties i responsable.<\/p><p>La Nat\u00e0lia Flores Montero (dranataliaflores.com) no atorga cap garantia ni es fa responsable, en cap cas, dels danys i perjudicis de qualsevol naturalesa que poguessin portar causa de:<\/p><p>La falta de disponibilitat, manteniment i efectiu funcionament de la web, o dels seus serveis i continguts;<\/p><p>L\u2019exist\u00e8ncia de malware, programes maliciosos o lesius en els continguts;<\/p><p>L\u2019\u00fas il\u00b7l\u00edcit, negligent, fraudulent o contrari a aquest Av\u00eds Legal;<\/p><p>La falta de licitud, qualitat, fiabilitat, utilitat i disponibilitat dels serveis prestats per tercers i llocs a la disposici\u00f3 dels usuaris en el lloc web.<\/p><p>El prestador no es fa responsable en cap concepte dels danys que poguessin dimanar de l\u2019\u00fas il\u00b7legal o indegut de la present p\u00e0gina web.<\/p><p><strong>Llei aplicable i jurisdicci\u00f3.<\/strong><\/p><p>Amb car\u00e0cter general les relacions entre dranataliaflores.com amb els usuaris dels seus serveis telem\u00e0tics, presents en aquesta web es troben sotmeses a la legislaci\u00f3 i jurisdicci\u00f3 espanyoles i als tribunals de Barcelona.<\/p><p>Contacte: <a href=\"mailto:info@dranataliaflores.com\">info@dranataliaflores.com<\/a><\/p><p>En cas que qualsevol usuari tingu\u00e9s algun dubte sobre aquestes Condicions legals o qualsevol comentari sobre el portal <a href=\"http:\/\/dranataliaflores.com\">http:\/\/dranataliaflores.com<\/a> pot dirigir-se als jutjats de Barcelona.<\/p>\t\t\t\t\t\t\t\t<\/div>\n\t\t\t\t<\/div>\n\t\t\t\t\t<\/div>\n\t\t\t\t<\/div>\n\t\t\t\t<\/div>\n\t\t","protected":false},"excerpt":{"rendered":"<p>Av\u00eds legal i condicions d\u2019\u00fas Si has arribat a aquest apartat de la meva p\u00e0gina web \u00e9s perqu\u00e8 sens dubte t\u2019interessa saber m\u00e9s sobre la relaci\u00f3 que podem tenir en aquest espai. \u00c9s a dir, con\u00e8ixer les dades de la nostra activitat, la finalitat de la web, que informaci\u00f3 que fem servir a la web [&hellip;]<\/p>\n","protected":false},"author":1,"featured_media":0,"parent":0,"menu_order":0,"comment_status":"closed","ping_status":"closed","template":"","meta":{"footnotes":""},"class_list":["post-839","page","type-page","status-publish","hentry","entry"],"_links":{"self":[{"href":"https:\/\/dranataliaflores.com\/es\/wp-json\/wp\/v2\/pages\/839","targetHints":{"allow":["GET"]}}],"collection":[{"href":"https:\/\/dranataliaflores.com\/es\/wp-json\/wp\/v2\/pages"}],"about":[{"href":"https:\/\/dranataliaflores.com\/es\/wp-json\/wp\/v2\/types\/page"}],"author":[{"embeddable":true,"href":"https:\/\/dranataliaflores.com\/es\/wp-json\/wp\/v2\/users\/1"}],"replies":[{"embeddable":true,"href":"https:\/\/dranataliaflores.com\/es\/wp-json\/wp\/v2\/comments?post=839"}],"version-history":[{"count":4,"href":"https:\/\/dranataliaflores.com\/es\/wp-json\/wp\/v2\/pages\/839\/revisions"}],"predecessor-version":[{"id":844,"href":"https:\/\/dranataliaflores.com\/es\/wp-json\/wp\/v2\/pages\/839\/revisions\/844"}],"wp:attachment":[{"href":"https:\/\/dranataliaflores.com\/es\/wp-json\/wp\/v2\/media?parent=839"}],"curies":[{"name":"wp","href":"https:\/\/api.w.org\/{rel}","templated":true}]}}