{"id":834,"date":"2023-05-22T16:49:36","date_gmt":"2023-05-22T14:49:36","guid":{"rendered":"https:\/\/dranataliaflores.com\/?page_id=834"},"modified":"2023-05-22T16:55:18","modified_gmt":"2023-05-22T14:55:18","slug":"politica-de-privacitat","status":"publish","type":"page","link":"https:\/\/dranataliaflores.com\/es\/politica-de-privacitat\/","title":{"rendered":"Pol\u00edtica de Privacitat"},"content":{"rendered":"\t\t<div data-elementor-type=\"wp-page\" data-elementor-id=\"834\" class=\"elementor elementor-834\" data-elementor-post-type=\"page\">\n\t\t\t\t<div class=\"elementor-element elementor-element-eb30ce2 e-flex e-con-boxed e-con e-parent\" data-id=\"eb30ce2\" data-element_type=\"container\">\n\t\t\t\t\t<div class=\"e-con-inner\">\n\t\t\t\t<div class=\"elementor-element elementor-element-520b892 elementor-widget elementor-widget-heading\" data-id=\"520b892\" data-element_type=\"widget\" data-widget_type=\"heading.default\">\n\t\t\t\t<div class=\"elementor-widget-container\">\n\t\t\t\t\t<h2 class=\"elementor-heading-title elementor-size-default\">Pol\u00edtica de Privacitat<\/h2>\t\t\t\t<\/div>\n\t\t\t\t<\/div>\n\t\t\t\t<div class=\"elementor-element elementor-element-c35b998 elementor-widget elementor-widget-text-editor\" data-id=\"c35b998\" data-element_type=\"widget\" data-widget_type=\"text-editor.default\">\n\t\t\t\t<div class=\"elementor-widget-container\">\n\t\t\t\t\t\t\t\t\t<p>Et donem la benvinguda a aquesta web i et recomanem que llegeixis la nostra Pol\u00edtica de Privacitat. Aqu\u00ed et descrivim la manera en la qual dranataliaflores.com i tots els seus subdominis recapten i utilitzen informaci\u00f3 sobre els seus usuaris i subscriptors d\u2019aquesta web.<\/p><p>En aquesta web es respecten i cuiden les dades personals dels usuaris. Com a usuari has de saber que els teus drets estan garantits. Ens hem esfor\u00e7at en crear un espai segur i confiable.<\/p><p>En aquesta declaraci\u00f3 de privadesa t\u2019explico quines dades personals recopilem dels meus usuaris i com els utilitzem. T\u2019animo a llegir detingudament aquests termes abans de facilitar les teves dades personals en aquesta web. Els majors divuit anys podran enregistrar-se a http:\/\/www.dranataliaflores.com com a usuaris sense el previ consentiment dels seus pares o tutors. En el cas dels menors de divuit es requereix el consentiment dels pares o tutors per al tractament de les seves dades personals.<\/p><p>En cap cas es recaptaran del menor d\u2019edat dades relatives a la situaci\u00f3 professional, econ\u00f2mica o a la intimitat dels altres membres de la fam\u00edlia, sense el consentiment d\u2019aquests.<\/p><p>En aquesta web es respecten i cuiden les dades personals dels usuaris. Com a usuari has de saber que els teus drets estan garantits.<\/p><p>Mai sol\u00b7licitem informaci\u00f3 personal tret que realment sigui necess\u00e0ria per prestar-te els serveis que em requereixis.<\/p><p>Mai compartim informaci\u00f3 personal dels usuaris amb ning\u00fa, excepte per complir amb la llei o en cas que compti amb la teva autoritzaci\u00f3 expressa.<\/p><p>Mai utilitzem les dades personals amb una finalitat diferent a l\u2019expressada en aquesta pol\u00edtica de privadesa.<\/p><p>Cal advertir que aquesta Pol\u00edtica de Privadesa podria variar en funci\u00f3 d\u2019exig\u00e8ncies legislatives o d\u2019autorregulaci\u00f3, per la qual cosa s\u2019aconsella als usuaris que la visitin peri\u00f2dicament. Ser\u00e0 aplicable en cas que els usuaris decideixin emplenar algun formulari de qualsevol dels seus formularis de contacte on es recaptin dades de car\u00e0cter personal.<\/p><p>https:\/\/dranataliaflores.com ha adequat aquesta web a les exig\u00e8ncies de la Llei Org\u00e0nica 15\/1999, de 13 de desembre, de Protecci\u00f3 de Dades de Car\u00e0cter Personal (LOPD), i al Reial decret 1720\/2007, de 21 de desembre, conegut com el Reglament de desenvolupament de la LOPD. Compleix tamb\u00e9 amb el Reglament (UE) 2016\/679 del Parlament Europeu i del Consell de 27 d\u2019abril de 2016 relatiu a la protecci\u00f3 de les persones f\u00edsiques (RGPD), aix\u00ed com amb la Llei 34\/2002, d\u201911 de juliol, de Serveis de la Societat de la Informaci\u00f3 i Comer\u00e7 Electr\u00f2nic (LSSICE o LSSI).<br \/>\u00a0<br \/><strong>Responsable del tractament de les teves dades personals.<\/strong><\/p><ul><li>Identitat del Responsable: Nat\u00e0lia Flores Montero<\/li><li>NIF\/CIF: 46347421Y<\/li><li>Adre\u00e7a: Passatge de Maluquer, 1 3er 2ona Barcelona 08022<\/li><li>Correu electr\u00f2nic: <a href=\"mailto:info@dranataliaflores.com\">info@dranataliaflores.com<\/a><\/li><\/ul><p>Activitat: Medicina integrativa &amp; Coach Nutricional<\/p><p>A l\u2019efecte del previst en el Reglament General de Protecci\u00f3 de Dades abans citat, les dades personals que m\u2019envi\u00efs a trav\u00e9s dels formularis de la web, rebran el tractament de dades de \u201cUsuaris de la web i subscriptors\u201d.<\/p><p>Per al tractament de dades dels meus usuaris, implemento totes les mesures t\u00e8cniques i organitzatives de seguretat establertes en la legislaci\u00f3 vigent.<\/p><p><strong>Principis que aplicar\u00e9 a la teva informaci\u00f3 personal.<\/strong><\/p><p>En el tractament de les teves dades personals, aplicar\u00e9 els seg\u00fcents principis que s\u2019ajusten a les exig\u00e8ncies del nou reglament europeu de protecci\u00f3 de dades:<\/p><p>Principi de licitud, lleialtat i transpar\u00e8ncia: Sempre vaig a requerir el teu consentiment per al tractament de les teves dades personals per a un o diverses finalitats espec\u00edfiques que t\u2019informar\u00e9 pr\u00e8viament amb absoluta transpar\u00e8ncia.<\/p><p>Principi de minimitzaci\u00f3 de dades: Solament vaig a sol\u00b7licitar dades estrictament necess\u00e0ries en relaci\u00f3 amb les finalitats pels quals els requereixo. Els m\u00ednims possibles.<\/p><p>Principi de limitaci\u00f3 del termini de conservaci\u00f3: les dades seran mantingudes durant no m\u00e9s temps del necessari per a les finalitats del tractament, en funci\u00f3 a la finalitat, t\u2019informar\u00e9 del termini de conservaci\u00f3 corresponent, en el cas de subscripcions, peri\u00f2dicament revisar\u00e9 les meves llistes i eliminar\u00e9 aquells registres inactius durant un temps considerable.<\/p><p>Principi d\u2019integritat i confidencialitat: Les teves dades seran tractades de tal manera que es garanteixi una seguretat adequada de les dades personals i es garanteixi confidencialitat. Has de saber que tom totes les precaucions necess\u00e0ries per evitar l\u2019acc\u00e9s no autoritzat o \u00fas indegut de les dades dels meus usuaris per part de tercers.<\/p><p><strong>Com he obtingut les teves dades?<\/strong><\/p><p>Les dades personals que tracto en dranataliaflores.com procedeixen de:<\/p><ul><li>Formulari de contacte.<\/li><li>Formulari de subscripci\u00f3.<\/li><li>Comentaris en blog.<\/li><li>Formulari de sol\u00b7licitud de serveis.<\/li><li>Formulari de registre.<\/li><\/ul><p>Quins s\u00f3n els teus drets quan em facilites les teves dades?<\/p><p>Qualsevol persona t\u00e9 dret a obtenir confirmaci\u00f3 sobre si en dranataliaflores.com estic tractant dades personals que em concerneix, o no. Les persones interessades tenen dret a:<\/p><p>Sol\u00b7licitar l\u2019acc\u00e9s a les dades personals relatives a l\u2019interessat.<\/p><ul><li>Sol\u00b7licitar la seva rectificaci\u00f3 o supressi\u00f3.<\/li><li>Sol\u00b7licitar la limitaci\u00f3 del seu tractament.<\/li><li>Oposar-se al tractament.<\/li><li>Sol\u00b7licitar la portabilitat de les dades.<\/li><\/ul><p>Els interessats podran accedir a les seves dades personals, aix\u00ed com a sol\u00b7licitar la rectificaci\u00f3 de les dades inexactes o, si escau, sol\u00b7licitar la seva supressi\u00f3 quan, entre altres motius, les dades ja no siguin necessaris per a les finalitats que van ser recollits. En determinades circumst\u00e0ncies, els interessats podran sol\u00b7licitar la limitaci\u00f3 del tractament de les seves dades, en aquest cas \u00fanicament els conservar\u00e9 per a l\u2019exercici o la defensa de reclamacions.<\/p><p>En determinades circumst\u00e0ncies i per motius relacionats amb la seva situaci\u00f3 particular, els interessats podran oposar-se al tractament de les seves dades. dranataliaflores.com deixar\u00e0 de tractar les dades, salvo per motius leg\u00edtims imperiosos, o l\u2019exercici o la defensa de possibles reclamacions. Com interessat, tens dret a rebre les dades personals que t\u2019incumbeixin, que m\u2019hagis facilitat i en un format estructurat, d\u2019\u00fas com\u00fa i lectura mec\u00e0nica, i a transmetre\u2019ls a un altre responsable del tractament quan:<\/p><p>El tractament estigui basat en el consentiment.<\/p><p>Les dades hagin estat facilitats per la persona interessada.<\/p><p>El tractament s\u2019efectu\u00ef per mitjans automatitzats.<\/p><p>En exercir el teu dret a la portabilitat de les dades, tindr\u00e0s dret al fet que les dades personals es transmetin directament de responsable a responsable quan sigui t\u00e8cnicament possible.<\/p><p>Els interessats tamb\u00e9 tindran dret a la tutela judicial efectiva i a presentar una reclamaci\u00f3 davant l\u2019autoritat de control, en aquest cas, l\u2019Ag\u00e8ncia Espanyola de Protecci\u00f3 de Dades, si consideren que el tractament de dades personals que li concerneixen infringeix el Reglament.<\/p><p>Amb quina finalitat tracto les teves dades personals?<\/p><p>Quan un usuari es connecta amb aquesta web per exemple per comentar un post, enviar un correu al titular, subscriure\u2019s o realitzar alguna contractaci\u00f3, est\u00e0 facilitant informaci\u00f3 de car\u00e0cter personal de la qual \u00e9s responsable la Nat\u00e0lia Flores Montero. Aquesta informaci\u00f3 pot incloure dades de car\u00e0cter personal com poden ser la teva adre\u00e7a IP, nom, adre\u00e7a f\u00edsica, adre\u00e7a de correu electr\u00f2nic, n\u00famero de tel\u00e8fon, i una altra informaci\u00f3. En facilitar aquesta informaci\u00f3, l\u2019usuari d\u00f3na el seu consentiment perqu\u00e8 la seva informaci\u00f3 sigui recopilada, utilitzada, gestionada i emmagatzemada per http:\/\/dranataliaflores.com, https:\/\/mailchimp.com nom\u00e9s com es descriu en el Av\u00eds Legal i en la present Pol\u00edtica de Privacitat. En dranataliaflores.com existeixen diferents sistemes de captura d\u2019informaci\u00f3 personal i tractament la informaci\u00f3 que em faciliten les persones interessades amb la seg\u00fcent fi per cada sistema de captura (formularis):<\/p><p>Formulari de subscripci\u00f3 a continguts: En aquest cas, sol\u00b7licito les seg\u00fcents dades personals: Email, per gestionar la llista de subscripcions, enviar butlletins, promocions i ofertes especials, facilitats per l\u2019usuari en realitzar la subscripci\u00f3. Dins de la web existeixen diversos formularis per activar la subscripci\u00f3. T\u2019informo que les dades que em facilites estaran situats en els servidors de mailchimp.com un servei de enviament de correus dins de la UE.<\/p><p>Existeixen altres finalitats per la qual tracto les teves dades personals:<\/p><p>Per garantir el compliment de les condicions d\u2019\u00fas i la llei aplicable. Aix\u00f2 pot incloure el desenvolupament d\u2019eines i algorismes que ajuden a aquesta web a garantir la confidencialitat de les dades personals que recull.<\/p><p>Per recolzar i millorar els serveis que ofereix aquesta web.<\/p><p>Tamb\u00e9 es recullen altres dades no identificatives que s\u2019obtenen mitjan\u00e7ant algunes cookies que es descarreguen en l\u2019ordinador de l\u2019usuari quan navega en aquesta web que detallo en la pol\u00edtica de cookies.<\/p><p>Per gestionar les xarxes socials. dranataliaflores.com pot tenir pres\u00e8ncia en xarxes socials. El tractament de les dades que es dugui a terme de les persones que es facin seguidores a les xarxes socials de les p\u00e0gines oficials <a href=\"http:\/\/www.dranataliaflores.com\">http:\/\/www.dranataliaflores.com<\/a>, es regir\u00e0 per aquest apartat. Aix\u00ed com per aquelles condicions d\u2019\u00fas, pol\u00edtiques de privadesa i normatives d\u2019acc\u00e9s que pertanyin a la xarxa social que procedeixi en cada cas i acceptades pr\u00e8viament per la Nat\u00e0lia Flores Montero. Tractar\u00e0 les seves dades amb les finalitats d\u2019administrar correctament la seva pres\u00e8ncia a la xarxa social, informant d\u2019activitats, productes o serveis a dranataliaflores.com. Aix\u00ed com per a qualsevol altra finalitat que les normatives de les xarxes socials permetin. En cap cas utilitzar\u00e9 els perfils de seguidors en xarxes socials per enviar publicitat de manera individual.<\/p><p>D\u2019acord a l\u2019establert en el reglament general de protecci\u00f3 de dades europeu (RGPD) 2016\/679, La Nat\u00e0lia Flores Montero, amb domicili Passatge de Maluquer, 1 3er 2ona Barcelona 08022, ser\u00e0 responsable del tractament de les dades corresponents a Usuaris de la web i subscriptors. dranataliaflores.com no ven, lloga ni cedeix dades de car\u00e0cter personal que puguin identificar a l\u2019usuari, ni ho far\u00e0 en el futur, a tercers sense el consentiment previ. No obstant aix\u00f2, en alguns casos es poden realitzar col\u00b7laboracions amb altres professionals, en aquests casos, es requerir\u00e0 consentiment als usuaris informant sobre la identitat del col\u00b7laborador i la finalitat de la col\u00b7laboraci\u00f3. Sempre es realitzar\u00e0 amb els m\u00e9s estrictes est\u00e0ndards de seguretat.<\/p><p><strong>Remarketing.<\/strong><\/p><p>La funci\u00f3 de remarketing em permet arribar a les persones que hagin visitat la web <a href=\"http:\/\/www.dranataliaflores.com\"><strong>http:\/\/www.dranataliaflores.com<\/strong><\/a> anteriorment i associar una audi\u00e8ncia determinada a un missatge concret. El remarketing \u00e9s un m\u00e8tode per aconseguir que els usuaris que han visitat el meu lloc tornin a fer-ho. Com a usuari de la web <a href=\"http:\/\/www.dranataliaflores.com\">http:\/\/www.dranataliaflores.com<\/a> t\u2019informo que estem recopilant informaci\u00f3 per a aquesta funci\u00f3 de remarketing en <a href=\"http:\/\/www.dranataliaflores.com\">http:\/\/www.dranataliaflores.com<\/a><\/p><p>La informaci\u00f3 que recopilo gr\u00e0cies a aquesta funci\u00f3 \u00e9s recollida per les cookies de Facebook. Pots con\u00e8ixer les dades que recopilen aquestes cookies en les seg\u00fcents pol\u00edtiques de privadesa de cada servei:<\/p><p>Facebook<\/p><p>Si no vols que la teva informaci\u00f3 sigui recopilada per aquestes cookies, pots inhabilitar l\u2019\u00fas de cookies de Google a trav\u00e9s de la Configuraci\u00f3 d\u2019anuncis de Google. Tamb\u00e9 pots inhabilitar l\u2019\u00fas de cookies d\u2019un prove\u00efdor tercer a trav\u00e9s de la p\u00e0gina d\u2019inhabilitaci\u00f3 de Network Advertising Initiative. Aquest tipus de serveis permet interactuar amb xarxes socials o altres plataformes externes directament des de les p\u00e0gines d\u2019aquesta web. Les interaccions i la informaci\u00f3 obtinguda per aquesta web sempre estaran sotmeses a la configuraci\u00f3 de privadesa de l\u2019usuari a cada xarxa social. En cas que s\u2019instal\u00b7li un servei que permeti interactuar amb xarxes socials, \u00e9s possible que, encara que els usuaris no utilitzin el servei, aquest reculli dades de tr\u00e0fic web relatius a les p\u00e0gines en les quals estiguin instal\u00b7lats.<\/p><p>La base legal per al tractament de les seves dades \u00e9s: el consentiment.<\/p><p>Per contactar o realitzar comentaris en aquesta web es requereix el consentiment amb aquesta pol\u00edtica de privadesa.<\/p><p>L\u2019oferta prospectiva o comercial de productes i serveis est\u00e0 basada en el consentiment que se li sol\u00b7licita, sense que en cap cas la retirada d\u2019aquest consentiment condicioni l\u2019execuci\u00f3 del contracte de subscripci\u00f3.<\/p><p>Categoria de dades recollides.<\/p><p>Les categories de dades que es tracten s\u00f3n dades identificatives.<\/p><p>En cap cas es tracten categories de dades especialment protegides.<\/p><p>Per quant temps conservarem les teves dades?<\/p><p>Les dades personals proporcionades es conservaran fins que no se sol\u00b7liciti la seva supressi\u00f3 per l\u2019interessat.<\/p><p>A quins destinataris es comunicaran les teves dades?<\/p><p>Moltes eines que utilitzo per gestionar les teves dades s\u00f3n contractades per tercers.<\/p><p>Per prestar serveis estrictament necessaris per al desenvolupament de l\u2019activitat, <a href=\"http:\/\/www.dranataliaflores.com\">http:\/\/www.dranataliaflores.com<\/a> comparteix dades amb els seg\u00fcents prestadors sota les seves corresponents condicions de privadesa:<\/p><p>Google Analytics: un servei anal\u00edtic de web prestat per Google, Inc., una companyia de Delaware l\u2019oficina principal de la qual est\u00e0 en 1600 Amphitheatre Parkway, Mountain View (Calif\u00f2rnia), CA 94043, Estats Units (\u201cGoogle\u201d). Google Analytics utilitza \u201ccookies\u201d, que s\u00f3n arxius de text situats en el teu ordinador, per ajudar a <a href=\"http:\/\/www.dranataliaflores.com\">http:\/\/www.dranataliaflores.com<\/a> a analitzar l\u2019\u00fas que fan els usuaris del lloc web. La informaci\u00f3 que genera la cookie sobre el seu \u00fas de <a href=\"http:\/\/www.dranataliaflores.com\">http:\/\/www.dranataliaflores.com<\/a> (incloent la teva adre\u00e7a IP) ser\u00e0 directament transmesa i arxivada per Google en els servidors d\u2019Estats Units.<\/p><p>Hosting: Cdmon (10dencehispahard S.L), amb domicili a Espanya. M\u00e9s informaci\u00f3 en: https:\/\/www.cdmon.com\/es. 10dencehispahard S.L tracta les dades amb la finalitat de realitzar els seus serveis de hosting a la Nat\u00e0lia Flores Montero.<\/p><p>Navegaci\u00f3.e<\/p><p>En navegar per <a href=\"http:\/\/www.dranataliaflores.com\">http:\/\/www.dranataliaflores.com<\/a> es poden recollir dades no identificables, que poden incloure, adrecis IP, ubicaci\u00f3 geogr\u00e0fica (aproximadament), un registre de com s\u2019utilitzen els serveis i llocs, i altres dades que no poden ser utilitzats per identificar a l\u2019usuari. Entre les dades no identificatives estan tamb\u00e9 els relacionats als teus h\u00e0bits de navegaci\u00f3 a trav\u00e9s de serveis de tercers. Aquesta web utilitza els seg\u00fcents serveis d\u2019an\u00e0lisis de tercers: Google analytics.<\/p><p>P\u00edxel de Facebook.<\/p><p>Utilitzo aquesta informaci\u00f3 per analitzar tend\u00e8ncies, administrar el lloc, rastrejar els moviments dels usuaris al voltant del lloc i per recopilar informaci\u00f3 demogr\u00e0fica sobre la meva base d\u2019usuaris en el seu conjunt.<\/p><p>Secret i seguretat de les dades.<\/p><p><a href=\"http:\/\/www.dranataliaflores.com\">http:\/\/www.dranataliaflores.com<\/a> es compromet en l\u2019\u00fas i tractament de les dades incloses personals dels usuaris, respectant la seva confidencialitat i a utilitzar-los d\u2019acord amb la finalitat del mateix, aix\u00ed com a donar compliment a la seva obligaci\u00f3 de guardar-los i adaptar totes les mesures per evitar l\u2019alteraci\u00f3, p\u00e8rdua, tractament o acc\u00e9s no autoritzat, de conformitat amb l\u2019establert en la normativa vigent de protecci\u00f3 de dades. Aquesta web no inclou un certificat SSL. Es tracta d\u2019un protocol de seguretat que fa que les teves dades viatgin de manera \u00edntegra i segura, \u00e9s a dir, la transmissi\u00f3 de les dades entre un servidor i usuari web, i en retroalimentaci\u00f3, \u00e9s totalment xifrada o encriptada.<\/p><p><a href=\"http:\/\/www.dranataliaflores.com\">http:\/\/www.dranataliaflores.com<\/a> no pot garantir l\u2019absoluta inexpugnabilidad de la xarxa Internet i per tant la violaci\u00f3 de les dades mitjan\u00e7ant accessos fraudulents a ells per part de tercers.<\/p><p>Pel que fa a la confidencialitat del processament, la Nat\u00e0lia Flores Montero a s\u2019assegurar\u00e0 que qualsevol persona que estigui autoritzada per processar les dades del client (incl\u00f2s el seu personal, col\u00b7laboradors i prestadors), estar\u00e0 sota l\u2019obligaci\u00f3 apropiada de confidencialitat (ja sigui un deure contractual o legal).<\/p><p>Quan es presenti algun incident de seguretat, en adonar-se\u2019n la Nat\u00e0lia Flores Montero, haur\u00e0 de notificar al Client sense demores indegudes i haur\u00e0 de proporcionar informaci\u00f3 oportuna relacionada amb l\u2019Incident de Seguretat tal com es conegui o quan el Client ho sol\u00b7liciti raonablement.<\/p><p>Exactitud i veracitat de les dades.<\/p><p>Com a usuari, ets l\u2019\u00fanic responsable de la veracitat i correcci\u00f3 de les dades que remetis a <a href=\"http:\/\/www.dranataliaflores.com\">http:\/\/www.dranataliaflores.com<\/a> exonerant a la Nat\u00e0lia Flores Montero, de qualsevol responsabilitat sobre aquest tema.<\/p><p>Els usuaris garanteixen i responen, en qualsevol cas, de l\u2019exactitud, vig\u00e8ncia i autenticitat de les dades personals facilitades, i es comprometen a mantenir-los degudament actualitzats. L\u2019usuari accepta proporcionar informaci\u00f3 completa i correcta en el formulari de contacte o subscripci\u00f3.<\/p><p>Acceptaci\u00f3 i consentiment.<\/p><p>L\u2019usuari declara haver estat informat de les condicions sobre protecci\u00f3 de dades de car\u00e0cter personal, acceptant i consentint el tractament dels mateixos per part de la Nat\u00e0lia Flores Montero (dranataliaflores.com) en la forma i per a les finalitats indicades en aquesta pol\u00edtica de privadesa.<\/p><p><strong>Revocabilidad.<\/strong><\/p><p>El consentiment prestat, tant per al tractament com per a la cessi\u00f3 de les dades dels interessats, \u00e9s revocable a qualsevol moment comunicant-ho a la Nat\u00e0lia Flores Montero (dranataliaflores.com) en els termes establerts en aquesta Pol\u00edtica per a l\u2019exercici dels drets ARC. Aquesta revocaci\u00f3 en cap cas tindr\u00e0 car\u00e0cter retroactiu.<\/p><p>Canvis en la pol\u00edtica de privacitat<\/p><p>La Nat\u00e0lia Flores Montero es reserva el dret a modificar la present pol\u00edtica per adaptar-la a novetats legislatives o jurisprudencials.<\/p><p>Correus comercials.<\/p><p>D\u2019acord amb la LSSICE, <a href=\"http:\/\/www.dranataliaflores.com\">http:\/\/www.dranataliaflores.com<\/a> no realitza pr\u00e0ctiques de SPAM, per la qual cosa no envia correus comercials per via electr\u00f2nica que no hagin estat pr\u00e8viament sol\u00b7licitats o autoritzats per l\u2019usuari. En conseq\u00fc\u00e8ncia, en cadascun dels formularis de la web, l\u2019usuari t\u00e9 la possibilitat de donar el seu consentiment expr\u00e9s per rebre el butllet\u00ed, amb independ\u00e8ncia de la informaci\u00f3 comercial puntualment sol\u00b7licitada. Conforme al que es disposa en la Llei 34\/2002 de Serveis de la Societat de la Informaci\u00f3 i de comer\u00e7 electr\u00f2nic, <a href=\"http:\/\/www.dranataliaflores.com\">http:\/\/www.dranataliaflores.com<\/a> es compromet a no enviar comunicacions de car\u00e0cter comercial sense identificar-les degudament.<\/p>\t\t\t\t\t\t\t\t<\/div>\n\t\t\t\t<\/div>\n\t\t\t\t\t<\/div>\n\t\t\t\t<\/div>\n\t\t\t\t<\/div>\n\t\t","protected":false},"excerpt":{"rendered":"<p>Et donem la benvinguda a aquesta web i et recomanem que llegeixis la nostra Pol\u00edtica de Privacitat. Aqu\u00ed et descrivim la manera en la qual dranataliaflores.com i tots els seus subdominis recapten i utilitzen informaci\u00f3 sobre els seus usuaris i subscriptors d\u2019aquesta web. En aquesta web es respecten i cuiden les dades personals dels usuaris. [&hellip;]<\/p>\n","protected":false},"author":1,"featured_media":0,"parent":0,"menu_order":0,"comment_status":"closed","ping_status":"closed","template":"","meta":{"footnotes":""},"class_list":["post-834","page","type-page","status-publish","hentry","entry"],"_links":{"self":[{"href":"https:\/\/dranataliaflores.com\/es\/wp-json\/wp\/v2\/pages\/834","targetHints":{"allow":["GET"]}}],"collection":[{"href":"https:\/\/dranataliaflores.com\/es\/wp-json\/wp\/v2\/pages"}],"about":[{"href":"https:\/\/dranataliaflores.com\/es\/wp-json\/wp\/v2\/types\/page"}],"author":[{"embeddable":true,"href":"https:\/\/dranataliaflores.com\/es\/wp-json\/wp\/v2\/users\/1"}],"replies":[{"embeddable":true,"href":"https:\/\/dranataliaflores.com\/es\/wp-json\/wp\/v2\/comments?post=834"}],"version-history":[{"count":5,"href":"https:\/\/dranataliaflores.com\/es\/wp-json\/wp\/v2\/pages\/834\/revisions"}],"predecessor-version":[{"id":841,"href":"https:\/\/dranataliaflores.com\/es\/wp-json\/wp\/v2\/pages\/834\/revisions\/841"}],"wp:attachment":[{"href":"https:\/\/dranataliaflores.com\/es\/wp-json\/wp\/v2\/media?parent=834"}],"curies":[{"name":"wp","href":"https:\/\/api.w.org\/{rel}","templated":true}]}}