{"id":1139,"date":"2015-05-07T08:12:32","date_gmt":"2015-05-07T06:12:32","guid":{"rendered":"https:\/\/dranataliaflores.com\/pagina-principal\/"},"modified":"2023-05-26T14:42:39","modified_gmt":"2023-05-26T12:42:39","slug":"pagina-principal","status":"publish","type":"page","link":"https:\/\/dranataliaflores.com\/es\/","title":{"rendered":"Pagina principal"},"content":{"rendered":"\t\t<div data-elementor-type=\"wp-page\" data-elementor-id=\"1139\" class=\"elementor elementor-1139 elementor-181\" data-elementor-post-type=\"page\">\n\t\t\t\t<div class=\"elementor-element elementor-element-d3d0ef2 e-flex e-con-boxed e-con e-parent\" data-id=\"d3d0ef2\" data-element_type=\"container\" data-settings=\"{&quot;background_background&quot;:&quot;classic&quot;}\">\n\t\t\t\t\t<div class=\"e-con-inner\">\n\t\t\t\t<div class=\"elementor-element elementor-element-422756f elementor-widget elementor-widget-text-editor\" data-id=\"422756f\" data-element_type=\"widget\" data-widget_type=\"text-editor.default\">\n\t\t\t\t<div class=\"elementor-widget-container\">\n\t\t\t\t\t\t\t\t\t<p>\u00bfQuieres saber m\u00e1s sobre la medicina integrativa? ap\u00fantate a mi blog<\/p>\t\t\t\t\t\t\t\t<\/div>\n\t\t\t\t<\/div>\n\t\t\t\t<div class=\"elementor-element elementor-element-54e8832 elementor-widget elementor-widget-text-editor\" data-id=\"54e8832\" data-element_type=\"widget\" data-widget_type=\"text-editor.default\">\n\t\t\t\t<div class=\"elementor-widget-container\">\n\t\t\t\t\t\t\t\t\t \t\t<div data-elementor-type=\"section\" data-elementor-id=\"1425\" class=\"elementor elementor-1425 elementor-955\" data-elementor-post-type=\"elementor_library\">\n\t\t\t<div class=\"elementor-element elementor-element-70b8adb2 e-con-full e-flex e-con e-parent\" data-id=\"70b8adb2\" data-element_type=\"container\" data-settings=\"{&quot;background_background&quot;:&quot;classic&quot;}\">\n\t\t\t\t<div class=\"elementor-element elementor-element-8f9502e elementor-button-align-stretch elementor-widget elementor-widget-form\" data-id=\"8f9502e\" data-element_type=\"widget\" data-settings=\"{&quot;step_next_label&quot;:&quot;Siguiente&quot;,&quot;step_previous_label&quot;:&quot;Anterior&quot;,&quot;step_type&quot;:&quot;number_text&quot;,&quot;step_icon_shape&quot;:&quot;circle&quot;}\" data-widget_type=\"form.default\">\n\t\t\t\t<div class=\"elementor-widget-container\">\n\t\t\t\t\t\t\t<form class=\"elementor-form\" method=\"post\" name=\"Nuevo formulario\" aria-label=\"Nuevo formulario\">\n\t\t\t<input type=\"hidden\" name=\"post_id\" value=\"1425\"\/>\n\t\t\t<input type=\"hidden\" name=\"form_id\" value=\"8f9502e\"\/>\n\t\t\t<input type=\"hidden\" name=\"referer_title\" value=\"Coaching Nutricional\" \/>\n\n\t\t\t\t\t\t\t<input type=\"hidden\" name=\"queried_id\" value=\"1044\"\/>\n\t\t\t\n\t\t\t<div class=\"elementor-form-fields-wrapper elementor-labels-above\">\n\t\t\t\t\t\t\t\t<div class=\"elementor-field-type-html elementor-field-group elementor-column elementor-field-group-field_79b1bc4 elementor-col-100\">\n\t\t\t\t\t\t\t\t\t<\/div>\n\t\t\t\t\t\t\t\t<div class=\"elementor-field-type-text elementor-field-group elementor-column elementor-field-group-name elementor-col-50\">\n\t\t\t\t\t\t\t\t\t\t\t\t\t<input size=\"1\" type=\"text\" name=\"form_fields[name]\" id=\"form-field-name\" class=\"elementor-field elementor-size-xs  elementor-field-textual\" placeholder=\"Nombre\">\n\t\t\t\t\t\t\t\t\t\t\t<\/div>\n\t\t\t\t\t\t\t\t<div class=\"elementor-field-type-email elementor-field-group elementor-column elementor-field-group-email elementor-col-50 elementor-field-required\">\n\t\t\t\t\t\t\t\t\t\t\t\t\t<input size=\"1\" type=\"email\" name=\"form_fields[email]\" id=\"form-field-email\" class=\"elementor-field elementor-size-xs  elementor-field-textual\" placeholder=\"Correo electr\u00f3nico\" required=\"required\">\n\t\t\t\t\t\t\t\t\t\t\t<\/div>\n\t\t\t\t\t\t\t\t<div class=\"elementor-field-type-acceptance elementor-field-group elementor-column elementor-field-group-field_240bd89 elementor-col-100 elementor-field-required\">\n\t\t\t\t\t\t\t<div class=\"elementor-field-subgroup\">\n\t\t\t<span class=\"elementor-field-option\">\n\t\t\t\t<input type=\"checkbox\" name=\"form_fields[field_240bd89]\" id=\"form-field-field_240bd89\" class=\"elementor-field elementor-size-xs  elementor-acceptance-field\" required=\"required\">\n\t\t\t\t<label for=\"form-field-field_240bd89\">Estoy de acuerdo con la <a href=\"\/politica-de-privacitat\/\">pol\u00edtica de privacidad<\/a><\/label>\t\t\t<\/span>\n\t\t<\/div>\n\t\t\t\t\t\t<\/div>\n\t\t\t\t\t\t\t\t<div class=\"elementor-field-type-html elementor-field-group elementor-column elementor-field-group-field_7851f64 elementor-col-100\">\n\t\t\t\t\t<div class=\"rc_textos_formulario\"><p>En cumplimiento de la Ley Org\u00e1nica 15\/1999 de Protecci\u00f3n de Datos de car\u00e1cter personal, podr\u00e1 ejercitar su derecho de acceso, modificaci\u00f3n, cancelaci\u00f3n y oposici\u00f3n enviando un correo a <a href=\"mailto:info@dranataliaflores.com\"> info@dranataliaflores.com<\/a><\/p><\/div>\t\t\t\t<\/div>\n\t\t\t\t\t\t\t\t<div class=\"elementor-field-group elementor-column elementor-field-type-submit elementor-col-100 e-form__buttons\">\n\t\t\t\t\t<button class=\"elementor-button elementor-size-sm\" type=\"submit\">\n\t\t\t\t\t\t<span class=\"elementor-button-content-wrapper\">\n\t\t\t\t\t\t\t\t\t\t\t\t\t\t\t\t\t\t\t\t\t\t<span class=\"elementor-button-text\">Enviar<\/span>\n\t\t\t\t\t\t\t\t\t\t\t\t\t<\/span>\n\t\t\t\t\t<\/button>\n\t\t\t\t<\/div>\n\t\t\t<\/div>\n\t\t<\/form>\n\t\t\t\t\t\t<\/div>\n\t\t\t\t<\/div>\n\t\t\t\t<\/div>\n\t\t\t\t<\/div>\n\t\t\t\t\t\t\t\t\t\t<\/div>\n\t\t\t\t<\/div>\n\t\t\t\t\t<\/div>\n\t\t\t\t<\/div>\n\t\t<div class=\"elementor-element elementor-element-e7536fe e-flex e-con-boxed e-con e-parent\" data-id=\"e7536fe\" data-element_type=\"container\">\n\t\t\t\t\t<div class=\"e-con-inner\">\n\t\t\t\t<div class=\"elementor-element elementor-element-3999d36 elementor-widget elementor-widget-toolset-view\" data-id=\"3999d36\" data-element_type=\"widget\" data-widget_type=\"toolset-view.default\">\n\t\t\t\t<div class=\"elementor-widget-container\">\n\t\t\t\t\t\n\n\n<div id=\"wpv-view-layout-1162\" class=\"js-wpv-view-layout js-wpv-layout-responsive js-wpv-view-layout-1162\" data-viewnumber=\"1162\" data-pagination=\"{&quot;id&quot;:1162,&quot;query&quot;:&quot;normal&quot;,&quot;type&quot;:&quot;disabled&quot;,&quot;effect&quot;:&quot;fade&quot;,&quot;duration&quot;:500,&quot;speed&quot;:5,&quot;pause_on_hover&quot;:&quot;enabled&quot;,&quot;stop_rollover&quot;:&quot;false&quot;,&quot;cache_pages&quot;:&quot;enabled&quot;,&quot;preload_images&quot;:&quot;enabled&quot;,&quot;preload_pages&quot;:&quot;enabled&quot;,&quot;preload_reach&quot;:1,&quot;spinner&quot;:&quot;builtin&quot;,&quot;spinner_image&quot;:&quot;https:\/\/dranataliaflores.com\/wp-content\/plugins\/toolset-blocks\/embedded\/res\/img\/ajax-loader.gif&quot;,&quot;callback_next&quot;:&quot;&quot;,&quot;manage_history&quot;:&quot;enabled&quot;,&quot;has_controls_in_form&quot;:&quot;disabled&quot;,&quot;infinite_tolerance&quot;:&quot;0&quot;,&quot;max_pages&quot;:1,&quot;page&quot;:1,&quot;base_permalink&quot;:&quot;\/es\/wp-json\/wp\/v2\/pages\/1139?wpv_view_count=1162&amp;wpv_paged=WPV_PAGE_NUM&quot;,&quot;loop&quot;:{&quot;type&quot;:&quot;&quot;,&quot;name&quot;:&quot;&quot;,&quot;data&quot;:[],&quot;id&quot;:0}}\" data-permalink=\"\/es\/wp-json\/wp\/v2\/pages\/1139?wpv_view_count=1162\">\n\n\t\n\t\n\t<div class=\"container wpv-loop js-wpv-loop\">\n\t\n\t\t\n\t\t<div class=\"row \">\n\t\t\t<div class=\"col-md-12\"><div class=\"rc_previ_entrada\">\n<div class=\"rc_fecha\"><p>25 mayo, 2023<\/p><\/div>\n<img decoding=\"async\" src=\"\/wp-content\/uploads\/2023\/04\/linea-300x2.png\" width=\"800\" height=\"2\" class=\"size-medium\" \/><br>\n  <div class=\"rc_titulo\"><h2><a href=\"https:\/\/dranataliaflores.com\/es\/lo-que-me-pasa-es-normal\/\">\u00bfLo que me pasa es normal?<\/a><\/h2><\/div>\n\n\n<img decoding=\"async\" class=\"rc_ali_esq\" src=\"\/wp-content\/uploads\/2023\/04\/icon_coaching.png\" width=\"50\" height=\"2\" \/>\n\n\n\n\n<img decoding=\"async\" src=\"https:\/\/dranataliaflores.com\/wp-content\/uploads\/2023\/05\/Piedras-zen-origen-1140x600-1.jpg\" title=\"Piedras-zen-origen-1140x600\" class=\"attachment-full alignright 300\" style=\"200\" \/>\n  <span class=\".elementor-widget-text-editor\"><p>Muy buena pregunta, ahora mismo te lo cuento. Sentir que tienes poca energ\u00eda, que te quedas hinchada despu\u00e9s de comer, que tienes dificultad para concentrarte y necesitas leer algunos p\u00e1rrafos dos veces, o que tienes picores en la piel sobretodo en la zona del tronco, o que a menudo tienes dolor de cabeza y algunos d\u00edas incluso migra\u00f1a, o que empiezas a tener insomnio y ya no descansas bien, o que te cuesta hacer la digesti\u00f3n y tus heces son bastante deshechas o al contrario, comes bastante verdura pero tienes estre\u00f1imiento. \u00abEsto es normal, no?, le pasa a mucha gente\u00bb<\/p>\n<\/span>\n  <div class=\"rc_dreta\"><strong><a href=\"https:\/\/dranataliaflores.com\/es\/lo-que-me-pasa-es-normal\/\">Seguir llegint ...<\/a><\/strong><\/div>\n\n<\/div>\n<\/div>\n\t\t<\/div>\n\t\t\n\t\t\n\t\t<div class=\"row \">\n\t\t\t<div class=\"col-md-12\"><div class=\"rc_previ_entrada\">\n<div class=\"rc_fecha\"><p>5 abril, 2019<\/p><\/div>\n<img decoding=\"async\" src=\"\/wp-content\/uploads\/2023\/04\/linea-300x2.png\" width=\"800\" height=\"2\" class=\"size-medium\" \/><br>\n  <div class=\"rc_titulo\"><h2><a href=\"https:\/\/dranataliaflores.com\/es\/te-acaban-de-diagnosticar-una-intolerancia-alimentaria\/\">\u00bfTe acaban de diagnosticar una intolerancia alimentaria?<\/a><\/h2><\/div>\n\n\n<img decoding=\"async\" class=\"rc_ali_esq\" src=\"\/wp-content\/uploads\/2023\/04\/icon_coaching.png\" width=\"50\" height=\"2\" \/>\n\n\n\n\n<img decoding=\"async\" src=\"https:\/\/dranataliaflores.com\/wp-content\/uploads\/2023\/05\/blog_108.jpg\" title=\"blog_108\" class=\"attachment-full alignright 300\" style=\"200\" \/>\n  <span class=\".elementor-widget-text-editor\"><p>Los diagn\u00f3sticos de intolerancias alimentarias son cada vez m\u00e1s frecuentes. Qu\u00e9 est\u00e1 pasando? El ritmo de vida actual, el uso descontrolado de antibi\u00f3ticos, el estr\u00e9s emocional, los alimentos procesados y con exceso de conservantes qu\u00edmicos, los viajes, los cambios bruscos de dieta, algunos medicamentos &#8230; Todo esto, puede inflamar el epitelio de tu intestino, desequilibrarte la flora bacteriana intestinal y en consecuencia impedir que se absorban correctamente algunos alimentos, generando s\u00edntomas c\u00f3mo gases, distensi\u00f3n abdominal o cambios en el ritmo deposicional, ya sean diarreas o tendencia al estre\u00f1imiento. Cuando un intestino est\u00e1 inflamado a nivel microsc\u00f3pico, es permeable, disbi\u00f3tico y<\/p>\n<\/span>\n  <div class=\"rc_dreta\"><strong><a href=\"https:\/\/dranataliaflores.com\/es\/te-acaban-de-diagnosticar-una-intolerancia-alimentaria\/\">Seguir llegint ...<\/a><\/strong><\/div>\n\n<\/div>\n<\/div>\n\t\t<\/div>\n\t\t\n\t\t\n\t\t<div class=\"row \">\n\t\t\t<div class=\"col-md-12\"><div class=\"rc_previ_entrada\">\n<div class=\"rc_fecha\"><p>13 enero, 2019<\/p><\/div>\n<img decoding=\"async\" src=\"\/wp-content\/uploads\/2023\/04\/linea-300x2.png\" width=\"800\" height=\"2\" class=\"size-medium\" \/><br>\n  <div class=\"rc_titulo\"><h2><a href=\"https:\/\/dranataliaflores.com\/es\/sesion-informativa-gratuita-de-coaching-nutricional\/\">Sesi\u00f3n informativa gratuita de coaching nutricional<\/a><\/h2><\/div>\n\n\n<img decoding=\"async\" class=\"rc_ali_esq\" src=\"\/wp-content\/uploads\/2023\/04\/icon_coaching.png\" width=\"50\" height=\"2\" \/>\n\n\n\n\n<img decoding=\"async\" src=\"https:\/\/dranataliaflores.com\/wp-content\/uploads\/2023\/05\/blog_107.jpg\" title=\"blog_107\" class=\"attachment-full alignright 300\" style=\"200\" \/>\n  <span class=\".elementor-widget-text-editor\"><p>\u00bfQuieres resolver todas tus dudas sobre nutrici\u00f3n y comer de forma equilibrada y saludable? Te invito a una sesi\u00f3n informativa GRATUITA de Coaching Nutricional. Env\u00eda un correo a info@dranataliaflores.com Hazlo realidad en este nuevo a\u00f1o que empieza !!!! Comer de forma equilibrada y saludable no es f\u00e1cil. Todo el mundo no tiene los mismos requerimientos nutricionales y no todos los alimentos saludables son beneficiosos para todos. Si quieres un abordaje totalmente personalizado y saber c\u00f3mo deber\u00edas comer para encontrarte lleno de energ\u00eda y alcanzar tus objetivos, necesitas mi Programa de Coaching Nutricional. Pulsa aqu\u00ed para conocer todos los detalles y<\/p>\n<\/span>\n  <div class=\"rc_dreta\"><strong><a href=\"https:\/\/dranataliaflores.com\/es\/sesion-informativa-gratuita-de-coaching-nutricional\/\">Seguir llegint ...<\/a><\/strong><\/div>\n\n<\/div>\n<\/div>\n\t\t<\/div>\n\t\t\n\t\t\n\t\t<div class=\"row \">\n\t\t\t<div class=\"col-md-12\"><div class=\"rc_previ_entrada\">\n<div class=\"rc_fecha\"><p>18 noviembre, 2018<\/p><\/div>\n<img decoding=\"async\" src=\"\/wp-content\/uploads\/2023\/04\/linea-300x2.png\" width=\"800\" height=\"2\" class=\"size-medium\" \/><br>\n  <div class=\"rc_titulo\"><h2><a href=\"https:\/\/dranataliaflores.com\/es\/6-trucos-practicos-para-no-engordar-si-sales-a-cenar\/\">6 trucos pr\u00e1cticos para no engordar si sales a cenar<\/a><\/h2><\/div>\n\n\n<img decoding=\"async\" class=\"rc_ali_esq\" src=\"\/wp-content\/uploads\/2023\/04\/icon_coaching.png\" width=\"50\" height=\"2\" \/>\n\n\n\n\n<img decoding=\"async\" src=\"https:\/\/dranataliaflores.com\/wp-content\/uploads\/2023\/05\/blog_105.jpg\" title=\"blog_105\" class=\"attachment-full alignright 300\" style=\"200\" \/>\n  <span class=\".elementor-widget-text-editor\"><p>Muchas veces se hace dif\u00edcil mantener una dieta equilibrada aquellas semanas que tienes comidas de trabajo o cenas fuera de casa. Quiz\u00e1s llevas unos d\u00edas port\u00e1ndote bien y comiendo de forma saludable, y &#8230; un par de comidas fuera de casa te lo l\u00edan todo y pierdes el control. Te entiendo perfectamente, a\u00f1os atr\u00e1s a mi tambi\u00e9n me pasaba. \u00c9s por ello, que quiero compartir contigo los trucos que yo utilizo para pas\u00e1rmelo bien y disfrutar cuando como fuera de casa, pero &#8230; sin descontrolarme. 1ero Elegir bien el Restaurante Te recomiendo que dediques un tiempo a elegir el restaurante.<\/p>\n<\/span>\n  <div class=\"rc_dreta\"><strong><a href=\"https:\/\/dranataliaflores.com\/es\/6-trucos-practicos-para-no-engordar-si-sales-a-cenar\/\">Seguir llegint ...<\/a><\/strong><\/div>\n\n<\/div>\n<\/div>\n\t\t<\/div>\n\t\t\n\t\t\n\t\t<div class=\"row \">\n\t\t\t<div class=\"col-md-12\"><div class=\"rc_previ_entrada\">\n<div class=\"rc_fecha\"><p>30 abril, 2018<\/p><\/div>\n<img decoding=\"async\" src=\"\/wp-content\/uploads\/2023\/04\/linea-300x2.png\" width=\"800\" height=\"2\" class=\"size-medium\" \/><br>\n  <div class=\"rc_titulo\"><h2><a href=\"https:\/\/dranataliaflores.com\/es\/detox-or-not-detox\/\">Detox or not Detox<\/a><\/h2><\/div>\n\n\n<img decoding=\"async\" class=\"rc_ali_esq\" src=\"\/wp-content\/uploads\/2023\/04\/icon_coaching.png\" width=\"50\" height=\"2\" \/>\n\n\n\n\n<img decoding=\"async\" src=\"https:\/\/dranataliaflores.com\/wp-content\/uploads\/2023\/05\/blog_103.jpeg\" title=\"blog_103\" class=\"attachment-full alignright 300\" style=\"200\" \/>\n  <span class=\".elementor-widget-text-editor\"><p>\u00daltimamente los zumos verdes y los DETOX est\u00e1n de moda, seguramente has o\u00eddo hablar de ello pero &#8230; qu\u00e9 es exactamente un DETOX o una dieta DETOX? Es recomendable para todo el mundo? Qu\u00e9 beneficios tiene? Cada noche, te\u00f3ricamente, tu cuerpo realiza una limpieza a fondo mediante el h\u00edgado, los ri\u00f1ones y el sistema linf\u00e1tico. Esta limpieza diaria elimina b\u00e1sicamente toxinas (aut\u00f3genas y ex\u00f3genas) y residuos del metabolismo celular. Cuando todos los \u00f3rganos de excreci\u00f3n funcionan correctamente y esta limpieza diaria se produce de forma \u00f3ptima, no acumulas toxinas. A pesar de ello, tu estilo de vida, lo que comes,<\/p>\n<\/span>\n  <div class=\"rc_dreta\"><strong><a href=\"https:\/\/dranataliaflores.com\/es\/detox-or-not-detox\/\">Seguir llegint ...<\/a><\/strong><\/div>\n\n<\/div>\n<\/div>\n\t\t<\/div>\n\t\t\n\t<\/div>\n\t\n\t\n\t\n<\/div>\n\t\t\t\t<\/div>\n\t\t\t\t<\/div>\n\t\t\t\t\t<\/div>\n\t\t\t\t<\/div>\n\t\t\t\t<\/div>\n\t\t","protected":false},"excerpt":{"rendered":"<p>25 maig, 2023 Aix\u00f2 que em passa \u00e9s normal? Molt bona pregunta, ara t\u2019ho explico. Sentir que tens poca energia, que et quedes inflada despr\u00e9s de dinar, que tens dificultat per concentrar-te i has de llegir alguns par\u00e0grafs dues vegades, o que tens picors a la pell sobretot a la zona del tronc, o que [&hellip;]<\/p>\n","protected":false},"author":1,"featured_media":0,"parent":0,"menu_order":0,"comment_status":"closed","ping_status":"closed","template":"","meta":{"footnotes":""},"class_list":["post-1139","page","type-page","status-publish","hentry","entry"],"_links":{"self":[{"href":"https:\/\/dranataliaflores.com\/es\/wp-json\/wp\/v2\/pages\/1139","targetHints":{"allow":["GET"]}}],"collection":[{"href":"https:\/\/dranataliaflores.com\/es\/wp-json\/wp\/v2\/pages"}],"about":[{"href":"https:\/\/dranataliaflores.com\/es\/wp-json\/wp\/v2\/types\/page"}],"author":[{"embeddable":true,"href":"https:\/\/dranataliaflores.com\/es\/wp-json\/wp\/v2\/users\/1"}],"replies":[{"embeddable":true,"href":"https:\/\/dranataliaflores.com\/es\/wp-json\/wp\/v2\/comments?post=1139"}],"version-history":[{"count":16,"href":"https:\/\/dranataliaflores.com\/es\/wp-json\/wp\/v2\/pages\/1139\/revisions"}],"predecessor-version":[{"id":1452,"href":"https:\/\/dranataliaflores.com\/es\/wp-json\/wp\/v2\/pages\/1139\/revisions\/1452"}],"wp:attachment":[{"href":"https:\/\/dranataliaflores.com\/es\/wp-json\/wp\/v2\/media?parent=1139"}],"curies":[{"name":"wp","href":"https:\/\/api.w.org\/{rel}","templated":true}]}}