{"id":1136,"date":"2023-04-17T15:03:01","date_gmt":"2023-04-17T13:03:01","guid":{"rendered":"https:\/\/dranataliaflores.com\/quien-soy\/"},"modified":"2023-05-25T15:11:11","modified_gmt":"2023-05-25T13:11:11","slug":"quien-soy","status":"publish","type":"page","link":"https:\/\/dranataliaflores.com\/es\/quien-soy\/","title":{"rendered":"\u00bfQui\u00e9n soy?"},"content":{"rendered":"\t\t<div data-elementor-type=\"wp-page\" data-elementor-id=\"1136\" class=\"elementor elementor-1136 elementor-93\" data-elementor-post-type=\"page\">\n\t\t\t\t<div class=\"elementor-element elementor-element-7249be4 e-flex e-con-boxed e-con e-parent\" data-id=\"7249be4\" data-element_type=\"container\">\n\t\t\t\t\t<div class=\"e-con-inner\">\n\t\t<div class=\"elementor-element elementor-element-9b48f03 e-con-full e-flex e-con e-parent\" data-id=\"9b48f03\" data-element_type=\"container\">\n\t\t\t\t<div class=\"elementor-element elementor-element-0001ede elementor-widget elementor-widget-heading\" data-id=\"0001ede\" data-element_type=\"widget\" data-widget_type=\"heading.default\">\n\t\t\t\t<div class=\"elementor-widget-container\">\n\t\t\t\t\t<h1 class=\"elementor-heading-title elementor-size-default\">\u00bfQui\u00e9n soy?<\/h1>\t\t\t\t<\/div>\n\t\t\t\t<\/div>\n\t\t\t\t<\/div>\n\t\t\t\t\t<\/div>\n\t\t\t\t<\/div>\n\t\t<div class=\"elementor-element elementor-element-13e33e1 e-flex e-con-boxed e-con e-parent\" data-id=\"13e33e1\" data-element_type=\"container\">\n\t\t\t\t\t<div class=\"e-con-inner\">\n\t\t\t\t<div class=\"elementor-element elementor-element-dfcb006 elementor-widget elementor-widget-text-editor\" data-id=\"dfcb006\" data-element_type=\"widget\" data-widget_type=\"text-editor.default\">\n\t\t\t\t<div class=\"elementor-widget-container\">\n\t\t\t\t\t\t\t\t\t<p>Hola,\u00a0soy la Dra. Nat\u00e0lia Flores.<br \/>Mi objetivo es ayudarte a conseguir y mantener un buen estado de salud libre de enfermedad.<\/p><p>Trabajo realizando un abordaje hol\u00edstico y totalmente individualizado.<\/p><p><img decoding=\"async\" class=\"wp-image-259 alignright\" src=\"https:\/\/dranataliaflores.com\/wp-content\/uploads\/2023\/05\/foto_natalia_flores.png\" alt=\"\" width=\"162\" height=\"215\" srcset=\"https:\/\/dranataliaflores.com\/wp-content\/uploads\/2023\/05\/foto_natalia_flores.png 301w, https:\/\/dranataliaflores.com\/wp-content\/uploads\/2023\/05\/foto_natalia_flores-225x300.png 225w\" sizes=\"(max-width: 162px) 100vw, 162px\" \/>Valoro tu organismo como un \u00fanico sistema que funciona totalmente integrado y con una estrecha intercomunicaci\u00f3n de todos sus \u00f3rganos y estructuras.<\/p><p>El abordaje desde un enfoque integrativo, fusionando el conocimiento de la medicina convencional con el de otras disciplinas, como la medicina funcional, la suplementaci\u00f3n ortomolecular, los probi\u00f3ticos y estabilizadores de la microbiota, la microinmunoterapia y la nutrici\u00f3n integrativa personalizada, me ayudan a encontrar el camino para guiar a cada paciente hacia su ideal de salud.<\/p><p>Des de hace m\u00e1s de 20 a\u00f1os me dedico a ayudar a mis pacientes a sentirse en equilibrio y a encontrarse bien con si mismos, es decir sanos y energ\u00e9ticos.<\/p><p>La medicina convencional, por motivos pr\u00e1cticos, ha necesitado dividir el cuerpo en partes y ha creado diferentes especialidades, pero ha perdido esta visi\u00f3n global e integrada del organismo humano tan necesaria hoy en d\u00eda.<\/p><p>Vivimos en un entorno muy cargado de factores desestabilizadores, t\u00f3xicos ambientales y qu\u00edmicos, t\u00f3xicos alimentarios de todo tipo, t\u00f3xicos electromagn\u00e9ticos con un uso excesivo de pantallas, gran variedad de t\u00f3xicos emocionales que nos generan estr\u00e9s, ansiedad depresi\u00f3n, sedentarismo, &#8230;.<\/p><p>Nunca en la historia de la humanidad hab\u00edamos estado sometidos a tanta \u00abcarga t\u00f3xica\u00bb.<\/p><p>Con todo ello, es muy posible que tu organismo intente adaptarse a este entorno hostil, se desequilibre en el intento y como consecuencia presente algunos s\u00edntomas.<\/p><p>Si por ejemplo, manifiesta un s\u00edntoma en la piel com una erupci\u00f3n, puede ser que \u00e9sta no tenga su causa en la piel y la tenga en el intestino. Quiz\u00e1s vas a diferentes especialistas y no encuentras la soluci\u00f3n, ya que te falta esta visi\u00f3n integrada y global de todo el sistema.<\/p>\t\t\t\t\t\t\t\t<\/div>\n\t\t\t\t<\/div>\n\t\t\t\t<div class=\"elementor-element elementor-element-879ec59 elementor-widget elementor-widget-image\" data-id=\"879ec59\" data-element_type=\"widget\" data-widget_type=\"image.default\">\n\t\t\t\t<div class=\"elementor-widget-container\">\n\t\t\t\t\t\t\t\t\t\t\t\t\t\t\t<img fetchpriority=\"high\" decoding=\"async\" width=\"1000\" height=\"604\" src=\"https:\/\/dranataliaflores.com\/wp-content\/uploads\/2023\/05\/imagen-equilibri.jpg\" class=\"attachment-large size-large wp-image-993\" alt=\"\" srcset=\"https:\/\/dranataliaflores.com\/wp-content\/uploads\/2023\/05\/imagen-equilibri.jpg 1000w, https:\/\/dranataliaflores.com\/wp-content\/uploads\/2023\/05\/imagen-equilibri-300x181.jpg 300w, https:\/\/dranataliaflores.com\/wp-content\/uploads\/2023\/05\/imagen-equilibri-768x464.jpg 768w\" sizes=\"(max-width: 1000px) 100vw, 1000px\" \/>\t\t\t\t\t\t\t\t\t\t\t\t\t\t\t<\/div>\n\t\t\t\t<\/div>\n\t\t\t\t<div class=\"elementor-element elementor-element-ad491b6 elementor-widget elementor-widget-text-editor\" data-id=\"ad491b6\" data-element_type=\"widget\" data-widget_type=\"text-editor.default\">\n\t\t\t\t<div class=\"elementor-widget-container\">\n\t\t\t\t\t\t\t\t\t<p>El futuro de la medicina es la prevenci\u00f3n. Mantener tu cuerpo sano y en equilibrio es posible si comes de forma saludable, tienes un buen estilo de vida, haces ejercicio f\u00edsico, gestionas tus emociones, pasas ratos al aire libre y aprendes a escuchar los s\u00edntomas de desequilibrio de tu cuerpo si estos se presentan. Yo te puedo ayudar a identificar estas se\u00f1ales de desequilibrio y darte las pautas necesarias para resolverlo o ajustarlo al m\u00e1ximo posible.<br \/>Si quieres pedir hora de visita conmigo me puedes contactar en <a href=\"mailto:info@dranataliaflores.com\">info@dranataliaflores.com<\/a><\/p>\n<p>Existe cada vez m\u00e1s evidencia cient\u00edfica sobre la importancia de la dieta y los h\u00e1bitos de estilo de vida como factores clave en el desarrollo de muchas de nuestras enfermedades cr\u00f3nicas actuales (diabetes, hipertensi\u00f3n arterial, c\u00e1ncer, enfermedades degenerativas del sistema nervioso, ansiedad y depresi\u00f3n, fibromialgia, infartos de miocardio, otras enfermedades cardiovasculares, enfermedades autoimmunes etc&#8230;). que tienen como denominador com\u00fan la inflamaci\u00f3n silente.<\/p>\n\t\t\t\t\t\t\t\t<\/div>\n\t\t\t\t<\/div>\n\t\t\t\t\t<\/div>\n\t\t\t\t<\/div>\n\t\t<div class=\"elementor-element elementor-element-1ff15eb e-flex e-con-boxed e-con e-parent\" data-id=\"1ff15eb\" data-element_type=\"container\">\n\t\t\t\t\t<div class=\"e-con-inner\">\n\t\t<div class=\"elementor-element elementor-element-5c691bd e-con-full e-flex e-con e-parent\" data-id=\"5c691bd\" data-element_type=\"container\">\n\t\t\t\t<div class=\"elementor-element elementor-element-3e2b69b elementor-widget elementor-widget-image\" data-id=\"3e2b69b\" data-element_type=\"widget\" data-widget_type=\"image.default\">\n\t\t\t\t<div class=\"elementor-widget-container\">\n\t\t\t\t\t\t\t\t\t\t\t\t\t\t\t<img decoding=\"async\" width=\"274\" height=\"108\" src=\"https:\/\/dranataliaflores.com\/wp-content\/uploads\/2023\/05\/logo-homeopatia.jpg\" class=\"attachment-large size-large wp-image-994\" alt=\"\" \/>\t\t\t\t\t\t\t\t\t\t\t\t\t\t\t<\/div>\n\t\t\t\t<\/div>\n\t\t\t\t<\/div>\n\t\t<div class=\"elementor-element elementor-element-0470768 e-con-full e-flex e-con e-parent\" data-id=\"0470768\" data-element_type=\"container\">\n\t\t\t\t<div class=\"elementor-element elementor-element-1b26575 elementor-widget elementor-widget-image\" data-id=\"1b26575\" data-element_type=\"widget\" data-widget_type=\"image.default\">\n\t\t\t\t<div class=\"elementor-widget-container\">\n\t\t\t\t\t\t\t\t\t\t\t\t\t\t\t<img loading=\"lazy\" decoding=\"async\" width=\"274\" height=\"108\" src=\"https:\/\/dranataliaflores.com\/wp-content\/uploads\/2023\/05\/logo-Coachin-Nutricional.jpg\" class=\"attachment-large size-large wp-image-995\" alt=\"\" \/>\t\t\t\t\t\t\t\t\t\t\t\t\t\t\t<\/div>\n\t\t\t\t<\/div>\n\t\t\t\t<\/div>\n\t\t\t\t\t<\/div>\n\t\t\t\t<\/div>\n\t\t<div class=\"elementor-element elementor-element-3d1c548 e-flex e-con-boxed e-con e-parent\" data-id=\"3d1c548\" data-element_type=\"container\">\n\t\t\t\t\t<div class=\"e-con-inner\">\n\t\t\t\t<div class=\"elementor-element elementor-element-100bea3 elementor-widget elementor-widget-text-editor\" data-id=\"100bea3\" data-element_type=\"widget\" data-widget_type=\"text-editor.default\">\n\t\t\t\t<div class=\"elementor-widget-container\">\n\t\t\t\t\t\t\t\t\t<p>De la misma manera que act\u00fao a nivel preventivo, tambi\u00e9n trato con el mismo abordaje integrativo pacientes con distintos diagn\u00f3sticos y patolog\u00edas.<\/p>\n<p>Con mis newsletters, art\u00edculos, consejos y v\u00eddeos aprender\u00e1s los trucos mas importantes para estar sana y feliz. Me gusta estar al d\u00eda de todo lo que hace referencia a la salud y la alimentaci\u00f3n y disfruto compartiendo este conocimiento.<\/p>\n\t\t\t\t\t\t\t\t<\/div>\n\t\t\t\t<\/div>\n\t\t\t\t\t<\/div>\n\t\t\t\t<\/div>\n\t\t<div class=\"elementor-element elementor-element-d60af21 e-flex e-con-boxed e-con e-parent\" data-id=\"d60af21\" data-element_type=\"container\" data-settings=\"{&quot;background_background&quot;:&quot;classic&quot;}\">\n\t\t\t\t\t<div class=\"e-con-inner\">\n\t\t\t\t<div class=\"elementor-element elementor-element-8c6eafe elementor-button-align-stretch elementor-widget elementor-widget-form\" data-id=\"8c6eafe\" data-element_type=\"widget\" data-settings=\"{&quot;step_next_label&quot;:&quot;Siguiente&quot;,&quot;step_previous_label&quot;:&quot;Anterior&quot;,&quot;button_width&quot;:&quot;100&quot;,&quot;step_type&quot;:&quot;number_text&quot;,&quot;step_icon_shape&quot;:&quot;circle&quot;}\" data-widget_type=\"form.default\">\n\t\t\t\t<div class=\"elementor-widget-container\">\n\t\t\t\t\t\t\t<form class=\"elementor-form\" method=\"post\" name=\"Nuevo formulario\" aria-label=\"Nuevo formulario\">\n\t\t\t<input type=\"hidden\" name=\"post_id\" value=\"1136\"\/>\n\t\t\t<input type=\"hidden\" name=\"form_id\" value=\"8c6eafe\"\/>\n\t\t\t<input type=\"hidden\" name=\"referer_title\" value=\"\u00bfQui\u00e9n soy?\" \/>\n\n\t\t\t\t\t\t\t<input type=\"hidden\" name=\"queried_id\" value=\"1136\"\/>\n\t\t\t\n\t\t\t<div class=\"elementor-form-fields-wrapper elementor-labels-above\">\n\t\t\t\t\t\t\t\t<div class=\"elementor-field-type-html elementor-field-group elementor-column elementor-field-group-field_8bb9100 elementor-col-100\">\n\t\t\t\t\t<p class=\"elementor-element elementor-element-6c48a53 elementor-widget\">SI QUIERES RECIBIR MIS CONSEJOS Y ART\u00cdCULOS GRATUITAMENTE DEJA TU NOMBRE Y E-MAIL<\/p>\t\t\t\t<\/div>\n\t\t\t\t\t\t\t\t<div class=\"elementor-field-type-text elementor-field-group elementor-column elementor-field-group-name elementor-col-50\">\n\t\t\t\t\t\t\t\t\t\t\t\t\t<input size=\"1\" type=\"text\" name=\"form_fields[name]\" id=\"form-field-name\" class=\"elementor-field elementor-size-sm  elementor-field-textual\" placeholder=\"Nombre\">\n\t\t\t\t\t\t\t\t\t\t\t<\/div>\n\t\t\t\t\t\t\t\t<div class=\"elementor-field-type-email elementor-field-group elementor-column elementor-field-group-email elementor-col-50 elementor-field-required\">\n\t\t\t\t\t\t\t\t\t\t\t\t\t<input size=\"1\" type=\"email\" name=\"form_fields[email]\" id=\"form-field-email\" class=\"elementor-field elementor-size-sm  elementor-field-textual\" placeholder=\"Correo electr\u00f3nico\" required=\"required\">\n\t\t\t\t\t\t\t\t\t\t\t<\/div>\n\t\t\t\t\t\t\t\t<div class=\"elementor-field-type-checkbox elementor-field-group elementor-column elementor-field-group-field_d632c65 elementor-col-100\">\n\t\t\t\t\t<div class=\"elementor-field-subgroup  \"><span class=\"elementor-field-option\"><input type=\"checkbox\" value=\"Estoy de acuerdo con la &lt;a href=&quot;#&quot;&gt;Pol\u00edtica de privacidad&lt;\/a&gt;\" id=\"form-field-field_d632c65-0\" name=\"form_fields[field_d632c65]\"> <label for=\"form-field-field_d632c65-0\">Estoy de acuerdo con la <a href=\"#\">Pol\u00edtica de privacidad<\/a><\/label><\/span><\/div>\t\t\t\t<\/div>\n\t\t\t\t\t\t\t\t<div class=\"elementor-field-type-html elementor-field-group elementor-column elementor-field-group-field_11fcbad elementor-col-100\">\n\t\t\t\t\t<p class=\"elementor-element elementor-element-6c48a53 elementor-widget\">En cumplimiento de la Ley Org\u00e1nica 15\/1999 de Protecci\u00f3n de Datos de car\u00e1cter personal, podr\u00e1 ejercitar su derecho de acceso, modificaci\u00f3n, cancelaci\u00f3n y oposici\u00f3n enviando un correo a info@dranataliaflores.com<\/p>\t\t\t\t<\/div>\n\t\t\t\t\t\t\t\t<div class=\"elementor-field-group elementor-column elementor-field-type-submit elementor-col-100 e-form__buttons\">\n\t\t\t\t\t<button class=\"elementor-button elementor-size-sm\" type=\"submit\">\n\t\t\t\t\t\t<span class=\"elementor-button-content-wrapper\">\n\t\t\t\t\t\t\t\t\t\t\t\t\t\t\t\t\t\t\t\t\t\t<span class=\"elementor-button-text\">Subscriure<\/span>\n\t\t\t\t\t\t\t\t\t\t\t\t\t<\/span>\n\t\t\t\t\t<\/button>\n\t\t\t\t<\/div>\n\t\t\t<\/div>\n\t\t<\/form>\n\t\t\t\t\t\t<\/div>\n\t\t\t\t<\/div>\n\t\t\t\t<div class=\"elementor-element elementor-element-a2cd392 elementor-widget elementor-widget-spacer\" data-id=\"a2cd392\" data-element_type=\"widget\" data-widget_type=\"spacer.default\">\n\t\t\t\t<div class=\"elementor-widget-container\">\n\t\t\t\t\t\t\t<div class=\"elementor-spacer\">\n\t\t\t<div class=\"elementor-spacer-inner\"><\/div>\n\t\t<\/div>\n\t\t\t\t\t\t<\/div>\n\t\t\t\t<\/div>\n\t\t\t\t\t<\/div>\n\t\t\t\t<\/div>\n\t\t<div class=\"elementor-element elementor-element-314acaa e-flex e-con-boxed e-con e-parent\" data-id=\"314acaa\" data-element_type=\"container\">\n\t\t\t\t\t<div class=\"e-con-inner\">\n\t\t\t\t<div class=\"elementor-element elementor-element-06ec862 elementor-widget elementor-widget-heading\" data-id=\"06ec862\" data-element_type=\"widget\" data-widget_type=\"heading.default\">\n\t\t\t\t<div class=\"elementor-widget-container\">\n\t\t\t\t\t<h2 class=\"elementor-heading-title elementor-size-default\">Formaci\u00f3n<\/h2>\t\t\t\t<\/div>\n\t\t\t\t<\/div>\n\t\t\t\t<div class=\"elementor-element elementor-element-c064d27 elementor-widget elementor-widget-text-editor\" data-id=\"c064d27\" data-element_type=\"widget\" data-widget_type=\"text-editor.default\">\n\t\t\t\t<div class=\"elementor-widget-container\">\n\t\t\t\t\t\t\t\t\t<p>Soy Licenciada en Medicina y Cirug\u00eda por la Universidad de Barcelona.<\/p>\n<p>He trabajado en el eHospital de Matar\u00f3 durante 10 a\u00f1os.<\/p>\n<p>En el 2005 particip\u00e9 muy activamente en la creaci\u00f3n de la Unitat de Ter\u00e0pies Naturals (UTNs) del Hospital de Matar\u00f3 y fui su coordinadora. En esta unidad realizamos trabajos y estudios de investigaci\u00f3n con Acupuntura, Homeopat\u00eda y Osteopat\u00eda en el \u00e1mbito del enfermo oncol\u00f3gico y tambi\u00e9n en el \u00e1mbito del dolor cr\u00f3nico (cervical y lumbar).<\/p>\n<p>He trabajado como Coach Nutricional durante 4 a\u00f1os en la Cl\u00ednica Omega Zeta de Medicina Integrativa en Barcelona.<\/p>\n<p>Soy docente de la parte de fisiolog\u00eda y bioqu\u00edmica del aparato digestivo del M\u00e1ster de Alimentaci\u00f3n Consciente y Crudivegana des del a\u00f1o 2016 hasta la actualidad.<\/p>\n<p>Trabajo en mi consulta privada en Barcelona practicando la Medicina Integrativa y la Nutrici\u00f3n des de hace m\u00e1s de 20 a\u00f1os.<\/p>\n\t\t\t\t\t\t\t\t<\/div>\n\t\t\t\t<\/div>\n\t\t\t\t\t<\/div>\n\t\t\t\t<\/div>\n\t\t<div class=\"elementor-element elementor-element-2fd3da8 e-flex e-con-boxed e-con e-parent\" data-id=\"2fd3da8\" data-element_type=\"container\">\n\t\t\t\t\t<div class=\"e-con-inner\">\n\t\t<div class=\"elementor-element elementor-element-443d81b e-con-full e-flex e-con e-parent\" data-id=\"443d81b\" data-element_type=\"container\">\n\t\t\t\t<div class=\"elementor-element elementor-element-4353203 elementor-widget elementor-widget-image\" data-id=\"4353203\" data-element_type=\"widget\" data-widget_type=\"image.default\">\n\t\t\t\t<div class=\"elementor-widget-container\">\n\t\t\t\t\t\t\t\t\t\t\t\t\t\t\t<img loading=\"lazy\" decoding=\"async\" width=\"250\" height=\"363\" src=\"https:\/\/dranataliaflores.com\/wp-content\/uploads\/2023\/05\/llibre-menjar-bo-i-millor.jpg\" class=\"attachment-large size-large wp-image-996\" alt=\"\" srcset=\"https:\/\/dranataliaflores.com\/wp-content\/uploads\/2023\/05\/llibre-menjar-bo-i-millor.jpg 250w, https:\/\/dranataliaflores.com\/wp-content\/uploads\/2023\/05\/llibre-menjar-bo-i-millor-207x300.jpg 207w\" sizes=\"(max-width: 250px) 100vw, 250px\" \/>\t\t\t\t\t\t\t\t\t\t\t\t\t\t\t<\/div>\n\t\t\t\t<\/div>\n\t\t\t\t<\/div>\n\t\t<div class=\"elementor-element elementor-element-87a715d e-con-full e-flex e-con e-parent\" data-id=\"87a715d\" data-element_type=\"container\">\n\t\t\t\t<div class=\"elementor-element elementor-element-90c4b02 elementor-widget elementor-widget-text-editor\" data-id=\"90c4b02\" data-element_type=\"widget\" data-widget_type=\"text-editor.default\">\n\t\t\t\t<div class=\"elementor-widget-container\">\n\t\t\t\t\t\t\t\t\t<div class=\"titol-i-autors desktop\">\n<div class=\"titol\">\n<h1>Menja b\u00e9, viu millor<\/h1>\n<\/div>\n<div class=\"subtitol\">Recetas y consejos para una vida m\u00e1s sana<\/div>\n<div class=\"autors\">\n<h2><a href=\"https:\/\/www.grup62.cat\/autor\/joaquim-marques-adelantado\/000031029\">Joaquim Marqu\u00e8s Adelantado<\/a> | Natalia Flores Montero<\/h2>\n<\/div>\n<\/div>\n<div class=\"preview_opinions\">\n<div class=\"text_container\"><a class=\"since-desktop opinar_desktop\" data-tagging=\"first comment\" data-book=\"Menja b\u00e9, viu millor\">S\u00e9 el primero en valorar este libro<\/a><\/div>\n<\/div>\n<div class=\"tematiques-i-coleccions\">\n<div class=\"segell-nom\">Editorial: <a href=\"https:\/\/www.grup62.cat\/editorial\/columna-edicions\/83\">Columna Edicions<\/a><\/div>\n<div class=\"tematiques\">\n<div class=\"tematica\">Tem\u00e1tica: <a href=\"https:\/\/www.grup62.cat\/llibres\/salut\/00058\">Salud<\/a> | <a href=\"https:\/\/www.grup62.cat\/llibres\/dieta\/00058\/00468\">Dieta<\/a><\/div>\n<\/div>\n<div class=\"coleccions\">Colecci\u00f3n: <a href=\"https:\/\/www.grup62.cat\/coleccio-no-ficcio-columna\/G620000094\">NO FICCI\u00d3 COLUMNA<\/a><\/div>\n<div id=\"num_pagines\"> <\/div>\n<\/div>\n\t\t\t\t\t\t\t\t<\/div>\n\t\t\t\t<\/div>\n\t\t\t\t<\/div>\n\t\t\t\t\t<\/div>\n\t\t\t\t<\/div>\n\t\t<div class=\"elementor-element elementor-element-965648d e-flex e-con-boxed e-con e-parent\" data-id=\"965648d\" data-element_type=\"container\">\n\t\t\t\t\t<div class=\"e-con-inner\">\n\t\t\t\t<div class=\"elementor-element elementor-element-1637d5f elementor-widget elementor-widget-text-editor\" data-id=\"1637d5f\" data-element_type=\"widget\" data-widget_type=\"text-editor.default\">\n\t\t\t\t<div class=\"elementor-widget-container\">\n\t\t\t\t\t\t\t\t\t<p>En el 2009 publico el libro \u201cMenja b\u00e9, viu millor\u201d Editorial Columna y en castellano \u201cCome bien, vive mejor\u201d Editorial Salsa Books.<\/p>\n<p>He cursado el M\u00e1ster en Medicina Homeop\u00e1tica a trav\u00e9s de IL3 Universitat de Barcelona y formo parte de la Academia M\u00e9dico-Homeop\u00e1tica de Barcelona (AMHB).<\/p>\n<p>Entre el 2010-2011 faig Nutrici\u00f3 Integrativa i aconsegueixo el certificat de Health Coach pel Institute of Integrative Nutrition de Nova York.<\/p>\n<p>En 2015 curso el M\u00e1ster en Alimentaci\u00f3n Consciente y Crudivegana en la escuela Crudiveg\u00e0nia de Girona.<\/p>\n\t\t\t\t\t\t\t\t<\/div>\n\t\t\t\t<\/div>\n\t\t\t\t\t<\/div>\n\t\t\t\t<\/div>\n\t\t\t\t<\/div>\n\t\t","protected":false},"excerpt":{"rendered":"<p>Hola,\u00a0soy la Dra. Nat\u00e0lia Flores.Mi objetivo es ayudarte a conseguir y mantener un buen estado de salud libre de enfermedad. Trabajo realizando un abordaje hol\u00edstico y totalmente individualizado. Valoro tu organismo como un \u00fanico sistema que funciona totalmente integrado y con una estrecha intercomunicaci\u00f3n de todos sus \u00f3rganos y estructuras. El abordaje desde un enfoque [&hellip;]<\/p>\n","protected":false},"author":1,"featured_media":0,"parent":0,"menu_order":0,"comment_status":"closed","ping_status":"closed","template":"","meta":{"footnotes":""},"class_list":["post-1136","page","type-page","status-publish","hentry","entry"],"_links":{"self":[{"href":"https:\/\/dranataliaflores.com\/es\/wp-json\/wp\/v2\/pages\/1136","targetHints":{"allow":["GET"]}}],"collection":[{"href":"https:\/\/dranataliaflores.com\/es\/wp-json\/wp\/v2\/pages"}],"about":[{"href":"https:\/\/dranataliaflores.com\/es\/wp-json\/wp\/v2\/types\/page"}],"author":[{"embeddable":true,"href":"https:\/\/dranataliaflores.com\/es\/wp-json\/wp\/v2\/users\/1"}],"replies":[{"embeddable":true,"href":"https:\/\/dranataliaflores.com\/es\/wp-json\/wp\/v2\/comments?post=1136"}],"version-history":[{"count":4,"href":"https:\/\/dranataliaflores.com\/es\/wp-json\/wp\/v2\/pages\/1136\/revisions"}],"predecessor-version":[{"id":1293,"href":"https:\/\/dranataliaflores.com\/es\/wp-json\/wp\/v2\/pages\/1136\/revisions\/1293"}],"wp:attachment":[{"href":"https:\/\/dranataliaflores.com\/es\/wp-json\/wp\/v2\/media?parent=1136"}],"curies":[{"name":"wp","href":"https:\/\/api.w.org\/{rel}","templated":true}]}}