{"id":1087,"date":"2023-04-17T14:51:07","date_gmt":"2023-04-17T12:51:07","guid":{"rendered":"https:\/\/dranataliaflores.com\/medicina-integrativa\/homeopatia\/"},"modified":"2023-05-25T15:16:38","modified_gmt":"2023-05-25T13:16:38","slug":"homeopatia","status":"publish","type":"page","link":"https:\/\/dranataliaflores.com\/es\/medicina-integrativa\/homeopatia\/","title":{"rendered":"Homeopat\u00eda"},"content":{"rendered":"\t\t<div data-elementor-type=\"wp-page\" data-elementor-id=\"1087\" class=\"elementor elementor-1087 elementor-72\" data-elementor-post-type=\"page\">\n\t\t\t\t<div class=\"elementor-element elementor-element-60a4fc8 e-flex e-con-boxed e-con e-parent\" data-id=\"60a4fc8\" data-element_type=\"container\">\n\t\t\t\t\t<div class=\"e-con-inner\">\n\t\t\t\t<div class=\"elementor-element elementor-element-ed93179 elementor-widget elementor-widget-heading\" data-id=\"ed93179\" data-element_type=\"widget\" data-widget_type=\"heading.default\">\n\t\t\t\t<div class=\"elementor-widget-container\">\n\t\t\t\t\t<h1 class=\"elementor-heading-title elementor-size-default\">Homeopat\u00eda<\/h1>\t\t\t\t<\/div>\n\t\t\t\t<\/div>\n\t\t\t\t<div class=\"elementor-element elementor-element-77fa9a7 elementor-widget elementor-widget-text-editor\" data-id=\"77fa9a7\" data-element_type=\"widget\" data-widget_type=\"text-editor.default\">\n\t\t\t\t<div class=\"elementor-widget-container\">\n\t\t\t\t\t\t\t\t\t<p><img decoding=\"async\" class=\"size-full wp-image-502 alignleft\" src=\"https:\/\/dranataliaflores.com\/wp-content\/uploads\/2023\/05\/mortero.png\" alt=\"\" width=\"202\" height=\"176\"><br \/>La Homeopat\u00eda fue desarrollada hace unos 200 a\u00f1os en Alemania por Samuel Hahnemann (1755-1843).<\/p>\n<p><span style=\"font-size: 19px; color: var( --e-global-color-text ); word-spacing: var( --e-global-typography-text-word-spacing ); text-align: var(--text-align);\">A modo de an\u00e9cdota destacar el mont\u00f3n a\u00f1os que vivi\u00f3 Hahnemann \u2026.. 88 a\u00f1os!!! En esa \u00e9poca, siglo XVIII, fue un hecho muy inusual dado que la esperanza de vida por aquel entonces rondaba los 41 a\u00f1os.<\/span><\/p>\n<p><span style=\"font-size: 19px; color: var( --e-global-color-text ); word-spacing: var( --e-global-typography-text-word-spacing ); text-align: var(--text-align);\">La Homeopat\u00eda es un tipo de medicina hol\u00edstica, integrativa, que valora al individuo de forma global, c\u00f3mo un todo que supera la suma de las partes. Se prescriben los remedios homeop\u00e1ticos por todo un conjunto de s\u00edntomas y para cada individuo en concreto, no de forma generalizada para cada enfermedad.<\/span><\/p>\n<p><span style=\"font-size: 19px; color: var( --e-global-color-text ); word-spacing: var( --e-global-typography-text-word-spacing ); text-align: var(--text-align);\">Los medicamentos homeop\u00e1ticos se preparan seg\u00fan un proceso de potenciaci\u00f3n, realizando diluciones y agitaciones sucesivas de distintas sustancias. Estas sustancias presentes en la naturaleza pueden ser de origen vegetal, mineral y animal. Los medicamentos as\u00ed preparados mantienen todo su potencial biol\u00f3gico a la vez que se anula su toxicidad y efectos secundarios.<\/span><\/p>\n\t\t\t\t\t\t\t\t<\/div>\n\t\t\t\t<\/div>\n\t\t\t\t<div class=\"elementor-element elementor-element-c13607e elementor-widget elementor-widget-image\" data-id=\"c13607e\" data-element_type=\"widget\" data-widget_type=\"image.default\">\n\t\t\t\t<div class=\"elementor-widget-container\">\n\t\t\t\t\t\t\t\t\t\t\t\t\t\t\t<img fetchpriority=\"high\" decoding=\"async\" width=\"340\" height=\"197\" src=\"https:\/\/dranataliaflores.com\/wp-content\/uploads\/2023\/05\/tubs_homeopatia.png\" class=\"attachment-large size-large wp-image-1004\" alt=\"\" srcset=\"https:\/\/dranataliaflores.com\/wp-content\/uploads\/2023\/05\/tubs_homeopatia.png 340w, https:\/\/dranataliaflores.com\/wp-content\/uploads\/2023\/05\/tubs_homeopatia-300x174.png 300w\" sizes=\"(max-width: 340px) 100vw, 340px\" \/>\t\t\t\t\t\t\t\t\t\t\t\t\t\t\t<\/div>\n\t\t\t\t<\/div>\n\t\t\t\t<div class=\"elementor-element elementor-element-35ec103 elementor-widget elementor-widget-text-editor\" data-id=\"35ec103\" data-element_type=\"widget\" data-widget_type=\"text-editor.default\">\n\t\t\t\t<div class=\"elementor-widget-container\">\n\t\t\t\t\t\t\t\t\t<p>Con estas sustancias estimulo la capacidad curativa propia de cada individuo.<br \/>El proceso de curaci\u00f3n podr\u00e1 ser m\u00e1s o menos lento en funci\u00f3n de la vitalidad de cada individuo, de la integridad de sus \u00f3rganos de eliminaci\u00f3n y de su sistema inmune, del grado de lesi\u00f3n org\u00e1nica si existe y de la predisposici\u00f3n gen\u00e9tica.<\/p><p>\u00a0<\/p><p>\u00a0<\/p>\t\t\t\t\t\t\t\t<\/div>\n\t\t\t\t<\/div>\n\t\t\t\t\t<\/div>\n\t\t\t\t<\/div>\n\t\t\t\t<\/div>\n\t\t","protected":false},"excerpt":{"rendered":"<p>La Homeopat\u00eda fue desarrollada hace unos 200 a\u00f1os en Alemania por Samuel Hahnemann (1755-1843). A modo de an\u00e9cdota destacar el mont\u00f3n a\u00f1os que vivi\u00f3 Hahnemann \u2026.. 88 a\u00f1os!!! En esa \u00e9poca, siglo XVIII, fue un hecho muy inusual dado que la esperanza de vida por aquel entonces rondaba los 41 a\u00f1os. La Homeopat\u00eda es un [&hellip;]<\/p>\n","protected":false},"author":1,"featured_media":0,"parent":1056,"menu_order":0,"comment_status":"closed","ping_status":"closed","template":"","meta":{"footnotes":""},"class_list":["post-1087","page","type-page","status-publish","hentry","entry"],"_links":{"self":[{"href":"https:\/\/dranataliaflores.com\/es\/wp-json\/wp\/v2\/pages\/1087","targetHints":{"allow":["GET"]}}],"collection":[{"href":"https:\/\/dranataliaflores.com\/es\/wp-json\/wp\/v2\/pages"}],"about":[{"href":"https:\/\/dranataliaflores.com\/es\/wp-json\/wp\/v2\/types\/page"}],"author":[{"embeddable":true,"href":"https:\/\/dranataliaflores.com\/es\/wp-json\/wp\/v2\/users\/1"}],"replies":[{"embeddable":true,"href":"https:\/\/dranataliaflores.com\/es\/wp-json\/wp\/v2\/comments?post=1087"}],"version-history":[{"count":4,"href":"https:\/\/dranataliaflores.com\/es\/wp-json\/wp\/v2\/pages\/1087\/revisions"}],"predecessor-version":[{"id":1296,"href":"https:\/\/dranataliaflores.com\/es\/wp-json\/wp\/v2\/pages\/1087\/revisions\/1296"}],"up":[{"embeddable":true,"href":"https:\/\/dranataliaflores.com\/es\/wp-json\/wp\/v2\/pages\/1056"}],"wp:attachment":[{"href":"https:\/\/dranataliaflores.com\/es\/wp-json\/wp\/v2\/media?parent=1087"}],"curies":[{"name":"wp","href":"https:\/\/api.w.org\/{rel}","templated":true}]}}