{"id":1056,"date":"2023-04-17T14:50:34","date_gmt":"2023-04-17T12:50:34","guid":{"rendered":"https:\/\/dranataliaflores.com\/medicina-integrativa\/"},"modified":"2023-05-26T12:06:22","modified_gmt":"2023-05-26T10:06:22","slug":"medicina-integrativa","status":"publish","type":"page","link":"https:\/\/dranataliaflores.com\/es\/medicina-integrativa\/","title":{"rendered":"Medicina Integrativa"},"content":{"rendered":"\t\t<div data-elementor-type=\"wp-page\" data-elementor-id=\"1056\" class=\"elementor elementor-1056 elementor-70\" data-elementor-post-type=\"page\">\n\t\t\t\t<div class=\"elementor-element elementor-element-3f3fe43 e-flex e-con-boxed e-con e-parent\" data-id=\"3f3fe43\" data-element_type=\"container\">\n\t\t\t\t\t<div class=\"e-con-inner\">\n\t\t\t\t<div class=\"elementor-element elementor-element-bda2f7b elementor-widget elementor-widget-heading\" data-id=\"bda2f7b\" data-element_type=\"widget\" data-widget_type=\"heading.default\">\n\t\t\t\t<div class=\"elementor-widget-container\">\n\t\t\t\t\t<h1 class=\"elementor-heading-title elementor-size-default\">Medicina Integrativa<\/h1>\t\t\t\t<\/div>\n\t\t\t\t<\/div>\n\t\t\t\t<div class=\"elementor-element elementor-element-a9436de elementor-widget elementor-widget-text-editor\" data-id=\"a9436de\" data-element_type=\"widget\" data-widget_type=\"text-editor.default\">\n\t\t\t\t<div class=\"elementor-widget-container\">\n\t\t\t\t\t\t\t\t\t<p>Practicar la Medicina Integrativa es fusionar todos mis conocimientos de medicina convencional con las t\u00e9cnicas y conocimientos de la medicina funcional, para entender el origen de un proceso patol\u00f3gico y abordar de forma personalizada y hol\u00edstica cada paciente en concreto, valorando su organismo como un todo conectado.<\/p>\n<p>El tratamiento con Medicina Integrativa tiene como objetivo retornar al organismo su estado de salud, potenciando y estimulando las capacidades de auto-regulaci\u00f3n y auto-curaci\u00f3n propias de cada individuo, y a la vez ejercer una imprescindible acci\u00f3n preventiva.<\/p>\n<p>Es evidente que el funcionamiento elaborado, preciso y complejo de un organismo humano sano, ha sido motivo de admiraci\u00f3n para la mayor\u00eda de cient\u00edficos a lo largo de la historia. Pensemos simplemente en el milagro que representa la gestaci\u00f3n de un beb\u00e9 a partir de una \u00fanica c\u00e9lula.<\/p>\n<p>Por lo tanto, es l\u00f3gico pensar y afirmar que:<\/p>\n\t\t\t\t\t\t\t\t<\/div>\n\t\t\t\t<\/div>\n\t\t\t\t<div class=\"elementor-element elementor-element-dbe68a4 elementor-widget elementor-widget-text-editor\" data-id=\"dbe68a4\" data-element_type=\"widget\" data-widget_type=\"text-editor.default\">\n\t\t\t\t<div class=\"elementor-widget-container\">\n\t\t\t\t\t\t\t\t\t<p><strong>Cuando un organismo previamente sano, es sometido a factores diversos que desestabilizan su equilibrio interno, \u00e9l solo tiene la capacidad para restablecer de forma aut\u00f3noma sus funciones vitales normales.<\/strong><\/p>\n<p>Evidentemente cuando ya no partimos de una situaci\u00f3n de salud inicial, o los factores desestabilizadores son muy fuertes, necesitamos ayuda externa para poder restablecer de nuevo el equilibrio de dicho organismo.<\/p>\n\t\t\t\t\t\t\t\t<\/div>\n\t\t\t\t<\/div>\n\t\t\t\t<div class=\"elementor-element elementor-element-4c66e49 elementor-widget elementor-widget-image\" data-id=\"4c66e49\" data-element_type=\"widget\" data-widget_type=\"image.default\">\n\t\t\t\t<div class=\"elementor-widget-container\">\n\t\t\t\t\t\t\t\t\t\t\t\t\t\t\t<img fetchpriority=\"high\" decoding=\"async\" width=\"700\" height=\"464\" src=\"https:\/\/dranataliaflores.com\/wp-content\/uploads\/2023\/05\/img-medicina_integrativa.jpg\" class=\"attachment-large size-large wp-image-997\" alt=\"\" srcset=\"https:\/\/dranataliaflores.com\/wp-content\/uploads\/2023\/05\/img-medicina_integrativa.jpg 700w, https:\/\/dranataliaflores.com\/wp-content\/uploads\/2023\/05\/img-medicina_integrativa-300x199.jpg 300w\" sizes=\"(max-width: 700px) 100vw, 700px\" \/>\t\t\t\t\t\t\t\t\t\t\t\t\t\t\t<\/div>\n\t\t\t\t<\/div>\n\t\t\t\t<div class=\"elementor-element elementor-element-4fb419e elementor-widget elementor-widget-text-editor\" data-id=\"4fb419e\" data-element_type=\"widget\" data-widget_type=\"text-editor.default\">\n\t\t\t\t<div class=\"elementor-widget-container\">\n\t\t\t\t\t\t\t\t\t<p>Mi formaci\u00f3n en Medicina convencional y en Medicina Integrativa, me han dado una visi\u00f3n hol\u00edstica muy interesante para decidir qu\u00e9 tipo de ayuda externa es necesaria en cada momento.<br \/>Yo siempre digo que tengo diferentes instrumentos para ayudar a mis pacientes a sentirse bien. Diremos que tengo \u201cherramientas ligeras y herramientas pesadas\u201d.<\/p>\n<p>Las \u201cherramientas ligeras\u201d son las que m\u00e1s me gusta utilizar, bien prescritas son innocuas, potentes y ayudan siempre en la misma direcci\u00f3n que los procesos de autocuraci\u00f3n del organismo. Estoy hablando de utilizar b\u00e1sicamente suplementos ortomoleculares, micronutrientes, \u00e1cidos grasos esenciales, probi\u00f3ticos, fitoterapia, homeopat\u00eda, microinmunoterapia y nutrici\u00f3n.<\/p>\n<p>Las \u201cherramientas pesadas\u201d, que s\u00f3lo utilizo en situaciones concretas y de forma integrada con todo lo anteriormente citado, son los f\u00e1rmacos alop\u00e1ticos de la medicina convencional.<\/p>\n\t\t\t\t\t\t\t\t<\/div>\n\t\t\t\t<\/div>\n\t\t\t\t<div class=\"elementor-element elementor-element-9cfb020 elementor-widget elementor-widget-heading\" data-id=\"9cfb020\" data-element_type=\"widget\" data-widget_type=\"heading.default\">\n\t\t\t\t<div class=\"elementor-widget-container\">\n\t\t\t\t\t<h2 class=\"elementor-heading-title elementor-size-default\">Tratamientos con Medicina Integrativa<\/h2>\t\t\t\t<\/div>\n\t\t\t\t<\/div>\n\t\t\t\t<div class=\"elementor-element elementor-element-8ade780 elementor-widget elementor-widget-text-editor\" data-id=\"8ade780\" data-element_type=\"widget\" data-widget_type=\"text-editor.default\">\n\t\t\t\t<div class=\"elementor-widget-container\">\n\t\t\t\t\t\t\t\t\t<p>Cualquier proceso patol\u00f3gico es susceptible de ser tratado com Medicina Integrativa, es sobretodo muy r\u00e1pido y eficaz en ni\u00f1os y adultos j\u00f3venes los cuales tienen un organismo m\u00e1s nuevo y reactivo.<\/p>\n<p>Los procesos m\u00e1s frecuentes que trato son:<\/p>\n<ul>\n<li>Alteraciones de las <u>funciones digestivas y hep\u00e1ticas<\/u><\/li>\n<li><u>Intolerancias alimentarias<\/u>, disbiosis intestinal y permeabilidad intestinal<\/li>\n<li>Alteraciones del <u>cicle menstrual<\/u><\/li>\n<li>Enfermedades <u>autoimmunes<\/u> (tiroiditis, artritis, psoriasis etc&#8230;)<\/li>\n<li><u>Infecciones de v\u00edas respiratorias altas y bajas<\/u> (otitis, amigdalitis, sinusitis, bronquitis t\u00edpicas de la infancia y tambi\u00e9n en adultos)<\/li>\n<li>Alteraciones <u>circulatorias<\/u> (varices, hemorroides etc..)<\/li>\n<li>Alteraciones <u>circulatorias<\/u> (varices, hemorroides etc..)<\/li>\n<li>Patolog\u00edas <u>al\u00e9rgicas<\/u> (cut\u00e1neas, asma bronquial, rinitis etc&#8230;)<\/li>\n<li>Alteraciones <u>metab\u00f3licas<\/u> (sdr. metab\u00f3lico, hipertensi\u00f3n arterial, diabetes, dislipemias, etc &#8230;)<\/li>\n<\/ul>\n\t\t\t\t\t\t\t\t<\/div>\n\t\t\t\t<\/div>\n\t\t\t\t<div class=\"elementor-element elementor-element-c70751e elementor-widget elementor-widget-heading\" data-id=\"c70751e\" data-element_type=\"widget\" data-widget_type=\"heading.default\">\n\t\t\t\t<div class=\"elementor-widget-container\">\n\t\t\t\t\t<h2 class=\"elementor-heading-title elementor-size-default\">Las visitas<\/h2>\t\t\t\t<\/div>\n\t\t\t\t<\/div>\n\t\t\t\t<div class=\"elementor-element elementor-element-0d4d44d elementor-widget elementor-widget-text-editor\" data-id=\"0d4d44d\" data-element_type=\"widget\" data-widget_type=\"text-editor.default\">\n\t\t\t\t<div class=\"elementor-widget-container\">\n\t\t\t\t\t\t\t\t\t<p>La primera visita de Medicina Integrativa es una visita muy completa de unos 60-80 minutos de duraci\u00f3n. En esta visita se estudia a fondo cada caso y se prescribe un tratamiento individualizado para cada paciente.<\/p>\n<p>Las visitas sucesivas son de unos 35-45 minutos y en ellas se valora la evoluci\u00f3n del caso y se hacen los ajustes necesarios para que el tratamiento sea r\u00e1pido y eficaz.<\/p>\n\t\t\t\t\t\t\t\t<\/div>\n\t\t\t\t<\/div>\n\t\t\t\t<div class=\"elementor-element elementor-element-7ef15e2 elementor-align-center elementor-widget elementor-widget-button\" data-id=\"7ef15e2\" data-element_type=\"widget\" data-widget_type=\"button.default\">\n\t\t\t\t<div class=\"elementor-widget-container\">\n\t\t\t\t\t\t\t\t\t<div class=\"elementor-button-wrapper\">\n\t\t\t\t\t<a class=\"elementor-button elementor-button-link elementor-size-sm\" href=\"http:\/\/natholistic@gmail.com\">\n\t\t\t\t\t\t<span class=\"elementor-button-content-wrapper\">\n\t\t\t\t\t\t\t\t\t<span class=\"elementor-button-text\">@ contacto<\/span>\n\t\t\t\t\t<\/span>\n\t\t\t\t\t<\/a>\n\t\t\t\t<\/div>\n\t\t\t\t\t\t\t\t<\/div>\n\t\t\t\t<\/div>\n\t\t\t\t<div class=\"elementor-element elementor-element-ba819a6 elementor-widget elementor-widget-text-editor\" data-id=\"ba819a6\" data-element_type=\"widget\" data-widget_type=\"text-editor.default\">\n\t\t\t\t<div class=\"elementor-widget-container\">\n\t\t\t\t\t\t\t\t\t<p>Contacta conmigo y pide una visita de Medicina Integrativa<\/p>\n\t\t\t\t\t\t\t\t<\/div>\n\t\t\t\t<\/div>\n\t\t\t\t\t<\/div>\n\t\t\t\t<\/div>\n\t\t<div class=\"elementor-element elementor-element-cdd050d e-flex e-con-boxed e-con e-parent\" data-id=\"cdd050d\" data-element_type=\"container\" data-settings=\"{&quot;background_background&quot;:&quot;classic&quot;}\">\n\t\t\t\t\t<div class=\"e-con-inner\">\n\t\t<div class=\"elementor-element elementor-element-c163973 e-flex e-con-boxed e-con e-parent\" data-id=\"c163973\" data-element_type=\"container\">\n\t\t\t\t\t<div class=\"e-con-inner\">\n\t\t\t\t<div class=\"elementor-element elementor-element-63b17b3 elementor-widget elementor-widget-text-editor\" data-id=\"63b17b3\" data-element_type=\"widget\" data-widget_type=\"text-editor.default\">\n\t\t\t\t<div class=\"elementor-widget-container\">\n\t\t\t\t\t\t\t\t\t<p>Vols saber m\u00e9s coses sobre la medicina integrativa? apunta&#8217;t al meu blog<\/p>\t\t\t\t\t\t\t\t<\/div>\n\t\t\t\t<\/div>\n\t\t\t\t<div class=\"elementor-element elementor-element-4ffc8d3 elementor-widget elementor-widget-text-editor\" data-id=\"4ffc8d3\" data-element_type=\"widget\" data-widget_type=\"text-editor.default\">\n\t\t\t\t<div class=\"elementor-widget-container\">\n\t\t\t\t\t\t\t\t\t\t\t<div data-elementor-type=\"section\" data-elementor-id=\"1425\" class=\"elementor elementor-1425 elementor-955\" data-elementor-post-type=\"elementor_library\">\n\t\t\t<div class=\"elementor-element elementor-element-70b8adb2 e-con-full e-flex e-con e-parent\" data-id=\"70b8adb2\" data-element_type=\"container\" data-settings=\"{&quot;background_background&quot;:&quot;classic&quot;}\">\n\t\t\t\t<div class=\"elementor-element elementor-element-8f9502e elementor-button-align-stretch elementor-widget elementor-widget-form\" data-id=\"8f9502e\" data-element_type=\"widget\" data-settings=\"{&quot;step_next_label&quot;:&quot;Siguiente&quot;,&quot;step_previous_label&quot;:&quot;Anterior&quot;,&quot;step_type&quot;:&quot;number_text&quot;,&quot;step_icon_shape&quot;:&quot;circle&quot;}\" data-widget_type=\"form.default\">\n\t\t\t\t<div class=\"elementor-widget-container\">\n\t\t\t\t\t\t\t<form class=\"elementor-form\" method=\"post\" name=\"Nuevo formulario\" aria-label=\"Nuevo formulario\">\n\t\t\t<input type=\"hidden\" name=\"post_id\" value=\"1425\"\/>\n\t\t\t<input type=\"hidden\" name=\"form_id\" value=\"8f9502e\"\/>\n\t\t\t<input type=\"hidden\" name=\"referer_title\" value=\"Coaching Nutricional\" \/>\n\n\t\t\t\t\t\t\t<input type=\"hidden\" name=\"queried_id\" value=\"1044\"\/>\n\t\t\t\n\t\t\t<div class=\"elementor-form-fields-wrapper elementor-labels-above\">\n\t\t\t\t\t\t\t\t<div class=\"elementor-field-type-html elementor-field-group elementor-column elementor-field-group-field_79b1bc4 elementor-col-100\">\n\t\t\t\t\t\t\t\t\t<\/div>\n\t\t\t\t\t\t\t\t<div class=\"elementor-field-type-text elementor-field-group elementor-column elementor-field-group-name elementor-col-50\">\n\t\t\t\t\t\t\t\t\t\t\t\t\t<input size=\"1\" type=\"text\" name=\"form_fields[name]\" id=\"form-field-name\" class=\"elementor-field elementor-size-xs  elementor-field-textual\" placeholder=\"Nombre\">\n\t\t\t\t\t\t\t\t\t\t\t<\/div>\n\t\t\t\t\t\t\t\t<div class=\"elementor-field-type-email elementor-field-group elementor-column elementor-field-group-email elementor-col-50 elementor-field-required\">\n\t\t\t\t\t\t\t\t\t\t\t\t\t<input size=\"1\" type=\"email\" name=\"form_fields[email]\" id=\"form-field-email\" class=\"elementor-field elementor-size-xs  elementor-field-textual\" placeholder=\"Correo electr\u00f3nico\" required=\"required\">\n\t\t\t\t\t\t\t\t\t\t\t<\/div>\n\t\t\t\t\t\t\t\t<div class=\"elementor-field-type-acceptance elementor-field-group elementor-column elementor-field-group-field_240bd89 elementor-col-100 elementor-field-required\">\n\t\t\t\t\t\t\t<div class=\"elementor-field-subgroup\">\n\t\t\t<span class=\"elementor-field-option\">\n\t\t\t\t<input type=\"checkbox\" name=\"form_fields[field_240bd89]\" id=\"form-field-field_240bd89\" class=\"elementor-field elementor-size-xs  elementor-acceptance-field\" required=\"required\">\n\t\t\t\t<label for=\"form-field-field_240bd89\">Estoy de acuerdo con la <a href=\"\/politica-de-privacitat\/\">pol\u00edtica de privacidad<\/a><\/label>\t\t\t<\/span>\n\t\t<\/div>\n\t\t\t\t\t\t<\/div>\n\t\t\t\t\t\t\t\t<div class=\"elementor-field-type-html elementor-field-group elementor-column elementor-field-group-field_7851f64 elementor-col-100\">\n\t\t\t\t\t<div class=\"rc_textos_formulario\"><p>En cumplimiento de la Ley Org\u00e1nica 15\/1999 de Protecci\u00f3n de Datos de car\u00e1cter personal, podr\u00e1 ejercitar su derecho de acceso, modificaci\u00f3n, cancelaci\u00f3n y oposici\u00f3n enviando un correo a <a href=\"mailto:info@dranataliaflores.com\"> info@dranataliaflores.com<\/a><\/p><\/div>\t\t\t\t<\/div>\n\t\t\t\t\t\t\t\t<div class=\"elementor-field-group elementor-column elementor-field-type-submit elementor-col-100 e-form__buttons\">\n\t\t\t\t\t<button class=\"elementor-button elementor-size-sm\" type=\"submit\">\n\t\t\t\t\t\t<span class=\"elementor-button-content-wrapper\">\n\t\t\t\t\t\t\t\t\t\t\t\t\t\t\t\t\t\t\t\t\t\t<span class=\"elementor-button-text\">Enviar<\/span>\n\t\t\t\t\t\t\t\t\t\t\t\t\t<\/span>\n\t\t\t\t\t<\/button>\n\t\t\t\t<\/div>\n\t\t\t<\/div>\n\t\t<\/form>\n\t\t\t\t\t\t<\/div>\n\t\t\t\t<\/div>\n\t\t\t\t<\/div>\n\t\t\t\t<\/div>\n\t\t\t\t\t\t\t\t\t\t<\/div>\n\t\t\t\t<\/div>\n\t\t\t\t\t<\/div>\n\t\t\t\t<\/div>\n\t\t\t\t\t<\/div>\n\t\t\t\t<\/div>\n\t\t\t\t<\/div>\n\t\t","protected":false},"excerpt":{"rendered":"<p>Practicar la Medicina Integrativa es fusionar todos mis conocimientos de medicina convencional con las t\u00e9cnicas y conocimientos de la medicina funcional, para entender el origen de un proceso patol\u00f3gico y abordar de forma personalizada y hol\u00edstica cada paciente en concreto, valorando su organismo como un todo conectado. El tratamiento con Medicina Integrativa tiene como objetivo [&hellip;]<\/p>\n","protected":false},"author":1,"featured_media":0,"parent":0,"menu_order":0,"comment_status":"closed","ping_status":"closed","template":"","meta":{"footnotes":""},"class_list":["post-1056","page","type-page","status-publish","hentry","entry"],"_links":{"self":[{"href":"https:\/\/dranataliaflores.com\/es\/wp-json\/wp\/v2\/pages\/1056","targetHints":{"allow":["GET"]}}],"collection":[{"href":"https:\/\/dranataliaflores.com\/es\/wp-json\/wp\/v2\/pages"}],"about":[{"href":"https:\/\/dranataliaflores.com\/es\/wp-json\/wp\/v2\/types\/page"}],"author":[{"embeddable":true,"href":"https:\/\/dranataliaflores.com\/es\/wp-json\/wp\/v2\/users\/1"}],"replies":[{"embeddable":true,"href":"https:\/\/dranataliaflores.com\/es\/wp-json\/wp\/v2\/comments?post=1056"}],"version-history":[{"count":7,"href":"https:\/\/dranataliaflores.com\/es\/wp-json\/wp\/v2\/pages\/1056\/revisions"}],"predecessor-version":[{"id":1381,"href":"https:\/\/dranataliaflores.com\/es\/wp-json\/wp\/v2\/pages\/1056\/revisions\/1381"}],"wp:attachment":[{"href":"https:\/\/dranataliaflores.com\/es\/wp-json\/wp\/v2\/media?parent=1056"}],"curies":[{"name":"wp","href":"https:\/\/api.w.org\/{rel}","templated":true}]}}