{"id":1053,"date":"2023-05-09T07:19:07","date_gmt":"2023-05-09T05:19:07","guid":{"rendered":"https:\/\/dranataliaflores.com\/detox-primavera\/"},"modified":"2023-05-25T15:19:30","modified_gmt":"2023-05-25T13:19:30","slug":"detox-primavera","status":"publish","type":"page","link":"https:\/\/dranataliaflores.com\/es\/detox-primavera\/","title":{"rendered":"Detox Primavera"},"content":{"rendered":"<style>\/*! elementor - v3.13.3 - 22-05-2023 *\/\n.elementor-heading-title{padding:0;margin:0;line-height:1}.elementor-widget-heading .elementor-heading-title[class*=elementor-size-]>a{color:inherit;font-size:inherit;line-height:inherit}.elementor-widget-heading .elementor-heading-title.elementor-size-small{font-size:15px}.elementor-widget-heading .elementor-heading-title.elementor-size-medium{font-size:19px}.elementor-widget-heading .elementor-heading-title.elementor-size-large{font-size:29px}.elementor-widget-heading .elementor-heading-title.elementor-size-xl{font-size:39px}.elementor-widget-heading .elementor-heading-title.elementor-size-xxl{font-size:59px}<\/style>\n<h1>DIETA DETOX 6 D\u00cdAS<\/h1>\n<style>\/*! elementor - v3.13.3 - 22-05-2023 *\/\n.elementor-widget-image{text-align:center}.elementor-widget-image a{display:inline-block}.elementor-widget-image a img[src$=\".svg\"]{width:48px}.elementor-widget-image img{vertical-align:middle;display:inline-block}<\/style>\n<p>\t\t\t\t\t\t\t\t\t\t\t\t<img decoding=\"async\" src=\"https:\/\/dranataliaflores.com\/wp-content\/uploads\/elementor\/thumbs\/batut-maduixa-q677y6szfpz4l896b9p0m0lji6hi7qcxr2nczyg050.jpg\" title=\"batut-maduixa\" alt=\"batut-maduixa\" loading=\"lazy\" \/>\t\t\t\t\t\t\t\t\t\t\t\t\t\t\t<\/p>\n<p>Durante la primavera la naturaleza nos provee de fant\u00e1sticos alimentos de temporada ricos en sustancias altamente antioxidantes, vitaminas, enzimas esenciales, fibra y clorofila. Todas estas sustancias te fertilizan y te permiten repoblar la flora intestinal mientras a su vez limpian en profundidad tu sistema linf\u00e1tico.<\/p>\n<p>Elimina grasa, l\u00edquido y toxinas de tu matriz extra-celular con este <strong>Pack Detox<\/strong> y consigue una linfa limpia y descongestionada a la vez que activas tu sistema inmunitario.<\/p>\n<p>Con mi <strong>Pack Detox 6 d\u00edas<\/strong> basado en una alimentaci\u00f3n sencilla, sana y ligera podr\u00e1s realizar una limpieza en profundidad de tu organismo y obtener <strong>m\u00faltiples beneficios<\/strong>:<\/p>\n<ul>\n<li>P\u00e9rdida de peso<\/li>\n<li>Aumento muy significativo de tu nivel de energ\u00eda.<\/li>\n<li>No m\u00e1s cansancio ni apat\u00eda!!<\/li>\n<li>Mejora la circulaci\u00f3n sangu\u00ednea, el edema y la retenci\u00f3n de l\u00edquidos<\/li>\n<li>Piel m\u00e1s sana, sin erupciones, picores ni sequedad<\/li>\n<li>Mejora tu tr\u00e1nsito intestinal. No m\u00e1s estre\u00f1imiento!!<\/li>\n<li>Favorece la eliminaci\u00f3n de las mucosidades acumuladas durante el invierno a nivel de v\u00edas respiratorias altas y del aparato bronquial<\/li>\n<li>Sue\u00f1o de calidad, m\u00e1s profundo y reparador<\/li>\n<li>Aleja la irritabilidad, el estr\u00e9s y el mal humor<\/li>\n<li>Mejora de la concentraci\u00f3n y la memoria, favorece la focalizaci\u00f3n facilitando el logro de tus objetivos<\/li>\n<li>Aumenta la fuerza de voluntad y la autoestima. Te sentir\u00e1s mejor contigo misma y con los dem\u00e1s.<\/li>\n<\/ul>\n<p>Por si todav\u00eda tienes dudas &#8230;&#8230; te cuento que &#8230;.<\/p>\n<ul>\n<li>La dieta es f\u00e1cil de seguir y de incorporar en tu rutina diaria. Si comes en el trabajo te la puedes llevar en un tuper.<\/li>\n<li>No pasar\u00e1s hambre, comer\u00e1s y masticar\u00e1 productos sanos, 100% naturales.<\/li>\n<li>Ahorrar\u00e1s tiempo ya que tendr\u00e1s las listas de la compra hechas y sabr\u00e1s lo que tienes que comer cada d\u00eda.<\/li>\n<li>Ahorrar\u00e1s dinero ya que te podr\u00e1s poner toda la ropa que tienes en el armario y por fin lucir\u00e1s como es debido tus tejanos favoritos.<\/li>\n<li>Seis d\u00edas pasan muy r\u00e1pido, ni te dar\u00e1s cuenta y ya estar\u00e1. Seguro que lo consigues, no recuerdo ning\u00fan paciente en todos los a\u00f1os de Detox que no haya terminado.<\/li>\n<li>Si buscas un detox s\u00f3lo con licuados, o te gustan las dietas con batidos proteicos qu\u00edmicos o artificiales, probablemente este Pack Detox no es adecuado para ti.<\/li>\n<li>Si no te gustan las fresas o alguna de las recetas, m\u00e1ndame un mail a <a href=\"mailto:info@dranataliaflores.com\">info@dranataliaflores.com<\/a> y te dar\u00e9 otras opciones.<\/li>\n<li>Si tienes miedo de ganar peso r\u00e1pido una vez finalizada la dieta no sufras, recibir\u00e1s instrucciones sobre c\u00f3mo comer despu\u00e9s del Detox Adem\u00e1s, si me mandas por mail el cuestionario de registro de peso y de h\u00e1bitos fisiol\u00f3gicos una vez terminado, te mandar\u00e9 gratuitamente un ejemplo de dieta sana b\u00e1sica.<\/li>\n<\/ul>\n<p><strong>ATENCI\u00d3N<\/strong>, si cuando recibes el <strong>Pack Dieta Detox<\/strong> en tu casa no te gusta, av\u00edsame durante las primeras 24 horas post-recepci\u00f3n y m\u00e1ndame el pack \u00edntegro a la direcci\u00f3n de la consulta. Te devolvemos el dinero.<\/p>\n<p>No te lo pierdas disponible del 8 de Mayo al 16 de Junio de 2023 !!!<\/p>\n<p>Consulta precio y caracter\u00edsticas justo aqu\u00ed abajo<\/p>\n\t\t<div data-elementor-type=\"section\" data-elementor-id=\"1453\" class=\"elementor elementor-1453 elementor-967\" data-elementor-post-type=\"elementor_library\">\n\t\t\t<div class=\"elementor-element elementor-element-5dedc9c6 e-con-full e-flex e-con e-parent\" data-id=\"5dedc9c6\" data-element_type=\"container\" data-settings=\"{&quot;background_background&quot;:&quot;classic&quot;}\">\n\t\t\t\t<div class=\"elementor-element elementor-element-f92e88f elementor-widget elementor-widget-text-editor\" data-id=\"f92e88f\" data-element_type=\"widget\" data-widget_type=\"text-editor.default\">\n\t\t\t\t<div class=\"elementor-widget-container\">\n\t\t\t\t\t\t\t\t\t<p><\/p>\t\t\t\t\t\t\t\t<\/div>\n\t\t\t\t<\/div>\n\t\t\t\t<div class=\"elementor-element elementor-element-b895a0e elementor-button-align-stretch elementor-widget elementor-widget-form\" data-id=\"b895a0e\" data-element_type=\"widget\" data-settings=\"{&quot;step_next_label&quot;:&quot;Siguiente&quot;,&quot;step_previous_label&quot;:&quot;Anterior&quot;,&quot;step_type&quot;:&quot;number_text&quot;,&quot;step_icon_shape&quot;:&quot;circle&quot;}\" data-widget_type=\"form.default\">\n\t\t\t\t<div class=\"elementor-widget-container\">\n\t\t\t\t\t\t\t<form class=\"elementor-form\" method=\"post\" name=\"Nuevo formulario\" aria-label=\"Nuevo formulario\">\n\t\t\t<input type=\"hidden\" name=\"post_id\" value=\"1453\"\/>\n\t\t\t<input type=\"hidden\" name=\"form_id\" value=\"b895a0e\"\/>\n\t\t\t<input type=\"hidden\" name=\"referer_title\" value=\"Detox Primavera\" \/>\n\n\t\t\t\t\t\t\t<input type=\"hidden\" name=\"queried_id\" value=\"1053\"\/>\n\t\t\t\n\t\t\t<div class=\"elementor-form-fields-wrapper elementor-labels-above\">\n\t\t\t\t\t\t\t\t<div class=\"elementor-field-type-text elementor-field-group elementor-column elementor-field-group-name elementor-col-50\">\n\t\t\t\t\t\t\t\t\t\t\t\t\t<input size=\"1\" type=\"text\" name=\"form_fields[name]\" id=\"form-field-name\" class=\"elementor-field elementor-size-xs  elementor-field-textual\" placeholder=\"Nombre\">\n\t\t\t\t\t\t\t\t\t\t\t<\/div>\n\t\t\t\t\t\t\t\t<div class=\"elementor-field-type-email elementor-field-group elementor-column elementor-field-group-email elementor-col-50 elementor-field-required\">\n\t\t\t\t\t\t\t\t\t\t\t\t\t<input size=\"1\" type=\"email\" name=\"form_fields[email]\" id=\"form-field-email\" class=\"elementor-field elementor-size-xs  elementor-field-textual\" placeholder=\"Correo electr\u00f3nico\" required=\"required\">\n\t\t\t\t\t\t\t\t\t\t\t<\/div>\n\t\t\t\t\t\t\t\t<div class=\"elementor-field-type-acceptance elementor-field-group elementor-column elementor-field-group-field_240bd89 elementor-col-100 elementor-field-required\">\n\t\t\t\t\t\t\t<div class=\"elementor-field-subgroup\">\n\t\t\t<span class=\"elementor-field-option\">\n\t\t\t\t<input type=\"checkbox\" name=\"form_fields[field_240bd89]\" id=\"form-field-field_240bd89\" class=\"elementor-field elementor-size-xs  elementor-acceptance-field\" required=\"required\">\n\t\t\t\t<label for=\"form-field-field_240bd89\">Estoy de acuerdo con la pol\u00edtica de privacidad<\/label>\t\t\t<\/span>\n\t\t<\/div>\n\t\t\t\t\t\t<\/div>\n\t\t\t\t\t\t\t\t<div class=\"elementor-field-type-html elementor-field-group elementor-column elementor-field-group-field_7851f64 elementor-col-100\">\n\t\t\t\t\t<div class=\"rc_textos_formulario\"><p>En cumplimiento de la Ley Org\u00e1nica 15\/1999 de Protecci\u00f3n de Datos de car\u00e1cter personal, podr\u00e1 ejercitar su derecho de acceso, modificaci\u00f3n, cancelaci\u00f3n y oposici\u00f3n enviando un correo a<a href=\"mailto:info@dranataliaflores.com\"> info@dranataliaflores.com<\/a><\/p><\/div>\t\t\t\t<\/div>\n\t\t\t\t\t\t\t\t<div class=\"elementor-field-group elementor-column elementor-field-type-submit elementor-col-100 e-form__buttons\">\n\t\t\t\t\t<button class=\"elementor-button elementor-size-sm\" type=\"submit\">\n\t\t\t\t\t\t<span class=\"elementor-button-content-wrapper\">\n\t\t\t\t\t\t\t\t\t\t\t\t\t\t\t\t\t\t\t\t\t\t<span class=\"elementor-button-text\">Enviar<\/span>\n\t\t\t\t\t\t\t\t\t\t\t\t\t<\/span>\n\t\t\t\t\t<\/button>\n\t\t\t\t<\/div>\n\t\t\t<\/div>\n\t\t<\/form>\n\t\t\t\t\t\t<\/div>\n\t\t\t\t<\/div>\n\t\t\t\t<\/div>\n\t\t\t\t<\/div>\n\t\t\n","protected":false},"excerpt":{"rendered":"<p>DIETA DETOX 6 D\u00cdAS Durante la primavera la naturaleza nos provee de fant\u00e1sticos alimentos de temporada ricos en sustancias altamente antioxidantes, vitaminas, enzimas esenciales, fibra y clorofila. Todas estas sustancias te fertilizan y te permiten repoblar la flora intestinal mientras a su vez limpian en profundidad tu sistema linf\u00e1tico. Elimina grasa, l\u00edquido y toxinas de [&hellip;]<\/p>\n","protected":false},"author":1,"featured_media":0,"parent":0,"menu_order":0,"comment_status":"closed","ping_status":"closed","template":"","meta":{"footnotes":""},"class_list":["post-1053","page","type-page","status-publish","hentry","entry"],"_links":{"self":[{"href":"https:\/\/dranataliaflores.com\/es\/wp-json\/wp\/v2\/pages\/1053","targetHints":{"allow":["GET"]}}],"collection":[{"href":"https:\/\/dranataliaflores.com\/es\/wp-json\/wp\/v2\/pages"}],"about":[{"href":"https:\/\/dranataliaflores.com\/es\/wp-json\/wp\/v2\/types\/page"}],"author":[{"embeddable":true,"href":"https:\/\/dranataliaflores.com\/es\/wp-json\/wp\/v2\/users\/1"}],"replies":[{"embeddable":true,"href":"https:\/\/dranataliaflores.com\/es\/wp-json\/wp\/v2\/comments?post=1053"}],"version-history":[{"count":4,"href":"https:\/\/dranataliaflores.com\/es\/wp-json\/wp\/v2\/pages\/1053\/revisions"}],"predecessor-version":[{"id":1299,"href":"https:\/\/dranataliaflores.com\/es\/wp-json\/wp\/v2\/pages\/1053\/revisions\/1299"}],"wp:attachment":[{"href":"https:\/\/dranataliaflores.com\/es\/wp-json\/wp\/v2\/media?parent=1053"}],"curies":[{"name":"wp","href":"https:\/\/api.w.org\/{rel}","templated":true}]}}