{"id":1049,"date":"2023-04-17T14:51:54","date_gmt":"2023-04-17T12:51:54","guid":{"rendered":"https:\/\/dranataliaflores.com\/coaching-nutricional\/programa-coaching-nutricional\/"},"modified":"2023-05-23T16:32:42","modified_gmt":"2023-05-23T14:32:42","slug":"programa-coaching-nutricional","status":"publish","type":"page","link":"https:\/\/dranataliaflores.com\/es\/coaching-nutricional\/programa-coaching-nutricional\/","title":{"rendered":"Programa Coaching Nutricional"},"content":{"rendered":"\t\t<div data-elementor-type=\"wp-page\" data-elementor-id=\"1049\" class=\"elementor elementor-1049 elementor-76\" data-elementor-post-type=\"page\">\n\t\t\t\t<div class=\"elementor-element elementor-element-a015c90 e-flex e-con-boxed e-con e-parent\" data-id=\"a015c90\" data-element_type=\"container\">\n\t\t\t\t\t<div class=\"e-con-inner\">\n\t\t\t\t<div class=\"elementor-element elementor-element-55c8522 elementor-widget elementor-widget-heading\" data-id=\"55c8522\" data-element_type=\"widget\" data-widget_type=\"heading.default\">\n\t\t\t\t<div class=\"elementor-widget-container\">\n\t\t\t\t\t<h1 class=\"elementor-heading-title elementor-size-default\">Programa Coaching Nutricional<\/h1>\t\t\t\t<\/div>\n\t\t\t\t<\/div>\n\t\t\t\t<div class=\"elementor-element elementor-element-cd890f5 elementor-widget elementor-widget-text-editor\" data-id=\"cd890f5\" data-element_type=\"widget\" data-widget_type=\"text-editor.default\">\n\t\t\t\t<div class=\"elementor-widget-container\">\n\t\t\t\t\t\t\t\t\t<p><strong>Con mi programa podr\u00e1s &#8230;<\/strong><\/p>\n<ul class=\"rc_programa_icon\">\n<li>Establecer y cumplir objetivos de forma poderosa y emocionante.<\/li>\n<li>Trabajar para conseguir y mantenerte en tu peso ideal.<\/li>\n<li>Entender y reducir la ingesta incontrolada de comida.<\/li>\n<li>Aumentar tus niveles de energ\u00eda.<\/li>\n<li>Sentirte a gusto en tu cuerpo.<\/li>\n<li>Conocer alimentos nuevos y saber incorporarlos a tu dieta.<\/li>\n<li>Mejorar las relaciones personales.<\/li>\n<li>Descubrir la confianza que genera crear la vida que deseas.<\/li>\n<\/ul>\n\t\t\t\t\t\t\t\t<\/div>\n\t\t\t\t<\/div>\n\t\t\t\t<div class=\"elementor-element elementor-element-b5146e6 elementor-widget elementor-widget-text-editor\" data-id=\"b5146e6\" data-element_type=\"widget\" data-widget_type=\"text-editor.default\">\n\t\t\t\t<div class=\"elementor-widget-container\">\n\t\t\t\t\t\t\t\t\t<p>Que incluye &#8230;<\/p>\n\t\t\t\t\t\t\t\t<\/div>\n\t\t\t\t<\/div>\n\t\t<div class=\"elementor-element elementor-element-fdbb2c3 e-flex e-con-boxed e-con e-parent\" data-id=\"fdbb2c3\" data-element_type=\"container\">\n\t\t\t\t\t<div class=\"e-con-inner\">\n\t\t<div class=\"elementor-element elementor-element-184857b e-con-full rc_icones_programa e-flex e-con e-parent\" data-id=\"184857b\" data-element_type=\"container\">\n\t\t\t\t<div class=\"elementor-element elementor-element-799e26a elementor-widget__width-initial elementor-widget-mobile__width-initial elementor-widget elementor-widget-text-editor\" data-id=\"799e26a\" data-element_type=\"widget\" data-widget_type=\"text-editor.default\">\n\t\t\t\t<div class=\"elementor-widget-container\">\n\t\t\t\t\t\t\t\t\t<img decoding=\"async\" class=\"size-full wp-image-573 aligncenter\" src=\"https:\/\/dranataliaflores.com\/wp-content\/uploads\/2023\/05\/icon_sesiones.png\" alt=\"\" width=\"162\" height=\"163\" srcset=\"https:\/\/dranataliaflores.com\/wp-content\/uploads\/2023\/05\/icon_sesiones.png 162w, https:\/\/dranataliaflores.com\/wp-content\/uploads\/2023\/05\/icon_sesiones-150x150.png 150w\" sizes=\"(max-width: 162px) 100vw, 162px\" \/>\n<br>2 sesiones\nal mes 50 min\t\t\t\t\t\t\t\t<\/div>\n\t\t\t\t<\/div>\n\t\t\t\t<div class=\"elementor-element elementor-element-8146a2c elementor-widget__width-initial elementor-widget-mobile__width-initial elementor-widget elementor-widget-text-editor\" data-id=\"8146a2c\" data-element_type=\"widget\" data-widget_type=\"text-editor.default\">\n\t\t\t\t<div class=\"elementor-widget-container\">\n\t\t\t\t\t\t\t\t\t<p><img decoding=\"async\" class=\"wp-image-574 size-full aligncenter\" src=\"https:\/\/dranataliaflores.com\/wp-content\/uploads\/2023\/05\/icon_soporte.png\" alt=\"\" width=\"162\" height=\"163\" srcset=\"https:\/\/dranataliaflores.com\/wp-content\/uploads\/2023\/05\/icon_soporte.png 162w, https:\/\/dranataliaflores.com\/wp-content\/uploads\/2023\/05\/icon_soporte-150x150.png 150w\" sizes=\"(max-width: 162px) 100vw, 162px\" \/><br \/>Apoyo por Correo<\/p>\n\t\t\t\t\t\t\t\t<\/div>\n\t\t\t\t<\/div>\n\t\t\t\t<div class=\"elementor-element elementor-element-a5e720e elementor-widget__width-initial elementor-widget-mobile__width-initial elementor-widget elementor-widget-text-editor\" data-id=\"a5e720e\" data-element_type=\"widget\" data-widget_type=\"text-editor.default\">\n\t\t\t\t<div class=\"elementor-widget-container\">\n\t\t\t\t\t\t\t\t\t<p><img decoding=\"async\" class=\"wp-image-572 size-full aligncenter\" src=\"https:\/\/dranataliaflores.com\/wp-content\/uploads\/2023\/05\/icon_recetas.png\" alt=\"\" width=\"162\" height=\"163\" srcset=\"https:\/\/dranataliaflores.com\/wp-content\/uploads\/2023\/05\/icon_recetas.png 162w, https:\/\/dranataliaflores.com\/wp-content\/uploads\/2023\/05\/icon_recetas-150x150.png 150w\" sizes=\"(max-width: 162px) 100vw, 162px\" \/><br \/>Recetas sanas para hacer en casa<\/p>\n\t\t\t\t\t\t\t\t<\/div>\n\t\t\t\t<\/div>\n\t\t\t\t<div class=\"elementor-element elementor-element-4618212 elementor-widget__width-initial elementor-widget-mobile__width-initial elementor-widget elementor-widget-text-editor\" data-id=\"4618212\" data-element_type=\"widget\" data-widget_type=\"text-editor.default\">\n\t\t\t\t<div class=\"elementor-widget-container\">\n\t\t\t\t\t\t\t\t\t<img loading=\"lazy\" decoding=\"async\" class=\"wp-image-569 size-full aligncenter\" src=\"https:\/\/dranataliaflores.com\/wp-content\/uploads\/2023\/05\/icon_coaching2.png\" alt=\"\" width=\"162\" height=\"163\" srcset=\"https:\/\/dranataliaflores.com\/wp-content\/uploads\/2023\/05\/icon_coaching2.png 162w, https:\/\/dranataliaflores.com\/wp-content\/uploads\/2023\/05\/icon_coaching2-150x150.png 150w\" sizes=\"(max-width: 162px) 100vw, 162px\" \/>\n<br>Coaching y apoyo en el estilo vida\t\t\t\t\t\t\t\t<\/div>\n\t\t\t\t<\/div>\n\t\t\t\t<div class=\"elementor-element elementor-element-0c1f0a9 elementor-widget__width-initial elementor-widget-mobile__width-initial elementor-widget elementor-widget-text-editor\" data-id=\"0c1f0a9\" data-element_type=\"widget\" data-widget_type=\"text-editor.default\">\n\t\t\t\t<div class=\"elementor-widget-container\">\n\t\t\t\t\t\t\t\t\t<img loading=\"lazy\" decoding=\"async\" class=\"wp-image-570 size-full aligncenter\" src=\"https:\/\/dranataliaflores.com\/wp-content\/uploads\/2023\/05\/icon_docs.png\" alt=\"\" width=\"162\" height=\"163\" srcset=\"https:\/\/dranataliaflores.com\/wp-content\/uploads\/2023\/05\/icon_docs.png 162w, https:\/\/dranataliaflores.com\/wp-content\/uploads\/2023\/05\/icon_docs-150x150.png 150w\" sizes=\"(max-width: 162px) 100vw, 162px\" \/><br>\nDocumentaci\u00f3n sobre nutrici\u00f3n\t\t\t\t\t\t\t\t<\/div>\n\t\t\t\t<\/div>\n\t\t\t\t<div class=\"elementor-element elementor-element-d472a15 elementor-widget__width-initial elementor-widget-mobile__width-initial elementor-widget elementor-widget-text-editor\" data-id=\"d472a15\" data-element_type=\"widget\" data-widget_type=\"text-editor.default\">\n\t\t\t\t<div class=\"elementor-widget-container\">\n\t\t\t\t\t\t\t\t\t<img loading=\"lazy\" decoding=\"async\" class=\"wp-image-567 size-full aligncenter\" src=\"https:\/\/dranataliaflores.com\/wp-content\/uploads\/2023\/05\/icon_bio.png\" alt=\"\" width=\"162\" height=\"163\" srcset=\"https:\/\/dranataliaflores.com\/wp-content\/uploads\/2023\/05\/icon_bio.png 162w, https:\/\/dranataliaflores.com\/wp-content\/uploads\/2023\/05\/icon_bio-150x150.png 150w\" sizes=\"(max-width: 162px) 100vw, 162px\" \/><br>\nVisita tienda Biol\u00f3gica\t\t\t\t\t\t\t\t<\/div>\n\t\t\t\t<\/div>\n\t\t\t\t<div class=\"elementor-element elementor-element-48f8daa elementor-widget__width-initial elementor-widget-mobile__width-initial elementor-widget elementor-widget-text-editor\" data-id=\"48f8daa\" data-element_type=\"widget\" data-widget_type=\"text-editor.default\">\n\t\t\t\t<div class=\"elementor-widget-container\">\n\t\t\t\t\t\t\t\t\t<p><img loading=\"lazy\" decoding=\"async\" class=\"wp-image-568 size-full aligncenter\" src=\"https:\/\/dranataliaflores.com\/wp-content\/uploads\/2023\/05\/icon_blog.png\" alt=\"\" width=\"162\" height=\"163\" srcset=\"https:\/\/dranataliaflores.com\/wp-content\/uploads\/2023\/05\/icon_blog.png 162w, https:\/\/dranataliaflores.com\/wp-content\/uploads\/2023\/05\/icon_blog-150x150.png 150w\" sizes=\"(max-width: 162px) 100vw, 162px\" \/><br \/>Acceso al Blog y en las Newsletters<\/p>\n\t\t\t\t\t\t\t\t<\/div>\n\t\t\t\t<\/div>\n\t\t\t\t<div class=\"elementor-element elementor-element-169171e elementor-widget__width-initial elementor-widget-mobile__width-initial elementor-widget elementor-widget-text-editor\" data-id=\"169171e\" data-element_type=\"widget\" data-widget_type=\"text-editor.default\">\n\t\t\t\t<div class=\"elementor-widget-container\">\n\t\t\t\t\t\t\t\t\t<img loading=\"lazy\" decoding=\"async\" class=\"wp-image-571 size-full aligncenter\" src=\"https:\/\/dranataliaflores.com\/wp-content\/uploads\/2023\/05\/icon_garantia.png\" alt=\"\" width=\"162\" height=\"163\" srcset=\"https:\/\/dranataliaflores.com\/wp-content\/uploads\/2023\/05\/icon_garantia.png 162w, https:\/\/dranataliaflores.com\/wp-content\/uploads\/2023\/05\/icon_garantia-150x150.png 150w\" sizes=\"(max-width: 162px) 100vw, 162px\" \/><br>\nCompromiso en tu salud y \u00e9xito\t\t\t\t\t\t\t\t<\/div>\n\t\t\t\t<\/div>\n\t\t\t\t<\/div>\n\t\t\t\t\t<\/div>\n\t\t\t\t<\/div>\n\t\t\t\t\t<\/div>\n\t\t\t\t<\/div>\n\t\t<div class=\"elementor-element elementor-element-fcfffcd e-flex e-con-boxed e-con e-parent\" data-id=\"fcfffcd\" data-element_type=\"container\">\n\t\t\t\t\t<div class=\"e-con-inner\">\n\t\t\t\t<div class=\"elementor-element elementor-element-195f055 elementor-widget elementor-widget-text-editor\" data-id=\"195f055\" data-element_type=\"widget\" data-widget_type=\"text-editor.default\">\n\t\t\t\t<div class=\"elementor-widget-container\">\n\t\t\t\t\t\t\t\t\t<p>Quieres resolver todas tus dudas sobre nutrici\u00f3n y comer de forma equilibrada y saludable?<\/p>\n\t\t\t\t\t\t\t\t<\/div>\n\t\t\t\t<\/div>\n\t\t\t\t<div class=\"elementor-element elementor-element-17ca819 elementor-widget elementor-widget-heading\" data-id=\"17ca819\" data-element_type=\"widget\" data-widget_type=\"heading.default\">\n\t\t\t\t<div class=\"elementor-widget-container\">\n\t\t\t\t\t<h2 class=\"elementor-heading-title elementor-size-default\">Te invito a una Sesi\u00f3n Gratuita\n\nde Coaching Nutricional. <\/h2>\t\t\t\t<\/div>\n\t\t\t\t<\/div>\n\t\t\t\t<div class=\"elementor-element elementor-element-d2dab18 elementor-widget elementor-widget-text-editor\" data-id=\"d2dab18\" data-element_type=\"widget\" data-widget_type=\"text-editor.default\">\n\t\t\t\t<div class=\"elementor-widget-container\">\n\t\t\t\t\t\t\t\t\t<p>Hazlo realidad en este nuevo a\u00f1o que empieza !!!!<\/p>\n<p>Durante esta sesi\u00f3n hablaremos sobre tu salud y estilo de vida, a la vez que determinaremos c\u00f3mo podemos trabajar conjuntamente en la consecuci\u00f3n de tus objetivos.<\/p>\n<p>Envia un correo a info@dranataliaflores.com<\/p>\n\t\t\t\t\t\t\t\t<\/div>\n\t\t\t\t<\/div>\n\t\t\t\t\t<\/div>\n\t\t\t\t<\/div>\n\t\t<div class=\"elementor-element elementor-element-ad4951a e-flex e-con-boxed e-con e-parent\" data-id=\"ad4951a\" data-element_type=\"container\">\n\t\t\t\t\t<div class=\"e-con-inner\">\n\t\t\t\t<div class=\"elementor-element elementor-element-dbaf105 elementor-widget elementor-widget-text-editor\" data-id=\"dbaf105\" data-element_type=\"widget\" data-widget_type=\"text-editor.default\">\n\t\t\t\t<div class=\"elementor-widget-container\">\n\t\t\t\t\t\t\t\t\t<p>\t\t<div data-elementor-type=\"section\" data-elementor-id=\"1425\" class=\"elementor elementor-1425 elementor-955\" data-elementor-post-type=\"elementor_library\">\n\t\t\t<div class=\"elementor-element elementor-element-70b8adb2 e-con-full e-flex e-con e-parent\" data-id=\"70b8adb2\" data-element_type=\"container\" data-settings=\"{&quot;background_background&quot;:&quot;classic&quot;}\">\n\t\t\t\t<div class=\"elementor-element elementor-element-8f9502e elementor-button-align-stretch elementor-widget elementor-widget-form\" data-id=\"8f9502e\" data-element_type=\"widget\" data-settings=\"{&quot;step_next_label&quot;:&quot;Siguiente&quot;,&quot;step_previous_label&quot;:&quot;Anterior&quot;,&quot;step_type&quot;:&quot;number_text&quot;,&quot;step_icon_shape&quot;:&quot;circle&quot;}\" data-widget_type=\"form.default\">\n\t\t\t\t<div class=\"elementor-widget-container\">\n\t\t\t\t\t\t\t<form class=\"elementor-form\" method=\"post\" name=\"Nuevo formulario\" aria-label=\"Nuevo formulario\">\n\t\t\t<input type=\"hidden\" name=\"post_id\" value=\"1425\"\/>\n\t\t\t<input type=\"hidden\" name=\"form_id\" value=\"8f9502e\"\/>\n\t\t\t<input type=\"hidden\" name=\"referer_title\" value=\"Coaching Nutricional\" \/>\n\n\t\t\t\t\t\t\t<input type=\"hidden\" name=\"queried_id\" value=\"1044\"\/>\n\t\t\t\n\t\t\t<div class=\"elementor-form-fields-wrapper elementor-labels-above\">\n\t\t\t\t\t\t\t\t<div class=\"elementor-field-type-html elementor-field-group elementor-column elementor-field-group-field_79b1bc4 elementor-col-100\">\n\t\t\t\t\t\t\t\t\t<\/div>\n\t\t\t\t\t\t\t\t<div class=\"elementor-field-type-text elementor-field-group elementor-column elementor-field-group-name elementor-col-50\">\n\t\t\t\t\t\t\t\t\t\t\t\t\t<input size=\"1\" type=\"text\" name=\"form_fields[name]\" id=\"form-field-name\" class=\"elementor-field elementor-size-xs  elementor-field-textual\" placeholder=\"Nombre\">\n\t\t\t\t\t\t\t\t\t\t\t<\/div>\n\t\t\t\t\t\t\t\t<div class=\"elementor-field-type-email elementor-field-group elementor-column elementor-field-group-email elementor-col-50 elementor-field-required\">\n\t\t\t\t\t\t\t\t\t\t\t\t\t<input size=\"1\" type=\"email\" name=\"form_fields[email]\" id=\"form-field-email\" class=\"elementor-field elementor-size-xs  elementor-field-textual\" placeholder=\"Correo electr\u00f3nico\" required=\"required\">\n\t\t\t\t\t\t\t\t\t\t\t<\/div>\n\t\t\t\t\t\t\t\t<div class=\"elementor-field-type-acceptance elementor-field-group elementor-column elementor-field-group-field_240bd89 elementor-col-100 elementor-field-required\">\n\t\t\t\t\t\t\t<div class=\"elementor-field-subgroup\">\n\t\t\t<span class=\"elementor-field-option\">\n\t\t\t\t<input type=\"checkbox\" name=\"form_fields[field_240bd89]\" id=\"form-field-field_240bd89\" class=\"elementor-field elementor-size-xs  elementor-acceptance-field\" required=\"required\">\n\t\t\t\t<label for=\"form-field-field_240bd89\">Estoy de acuerdo con la <a href=\"\/politica-de-privacitat\/\">pol\u00edtica de privacidad<\/a><\/label>\t\t\t<\/span>\n\t\t<\/div>\n\t\t\t\t\t\t<\/div>\n\t\t\t\t\t\t\t\t<div class=\"elementor-field-type-html elementor-field-group elementor-column elementor-field-group-field_7851f64 elementor-col-100\">\n\t\t\t\t\t<div class=\"rc_textos_formulario\"><p>En cumplimiento de la Ley Org\u00e1nica 15\/1999 de Protecci\u00f3n de Datos de car\u00e1cter personal, podr\u00e1 ejercitar su derecho de acceso, modificaci\u00f3n, cancelaci\u00f3n y oposici\u00f3n enviando un correo a <a href=\"mailto:info@dranataliaflores.com\"> info@dranataliaflores.com<\/a><\/p><\/div>\t\t\t\t<\/div>\n\t\t\t\t\t\t\t\t<div class=\"elementor-field-group elementor-column elementor-field-type-submit elementor-col-100 e-form__buttons\">\n\t\t\t\t\t<button class=\"elementor-button elementor-size-sm\" type=\"submit\">\n\t\t\t\t\t\t<span class=\"elementor-button-content-wrapper\">\n\t\t\t\t\t\t\t\t\t\t\t\t\t\t\t\t\t\t\t\t\t\t<span class=\"elementor-button-text\">Enviar<\/span>\n\t\t\t\t\t\t\t\t\t\t\t\t\t<\/span>\n\t\t\t\t\t<\/button>\n\t\t\t\t<\/div>\n\t\t\t<\/div>\n\t\t<\/form>\n\t\t\t\t\t\t<\/div>\n\t\t\t\t<\/div>\n\t\t\t\t<\/div>\n\t\t\t\t<\/div>\n\t\t<\/p>\n\t\t\t\t\t\t\t\t<\/div>\n\t\t\t\t<\/div>\n\t\t\t\t\t<\/div>\n\t\t\t\t<\/div>\n\t\t\t\t<\/div>\n\t\t","protected":false},"excerpt":{"rendered":"<p>Programa Coaching Nutricional Con mi programa podr\u00e1s &#8230; Establecer y cumplir objetivos de forma poderosa y emocionante. Trabajar para conseguir y mantenerte en tu peso ideal. Entender y reducir la ingesta incontrolada de comida. Aumentar tus niveles de energ\u00eda. Sentirte a gusto en tu cuerpo. Conocer alimentos nuevos y saber incorporarlos a tu dieta. Mejorar [&hellip;]<\/p>\n","protected":false},"author":1,"featured_media":0,"parent":1044,"menu_order":0,"comment_status":"closed","ping_status":"closed","template":"","meta":{"footnotes":""},"class_list":["post-1049","page","type-page","status-publish","hentry","entry"],"_links":{"self":[{"href":"https:\/\/dranataliaflores.com\/es\/wp-json\/wp\/v2\/pages\/1049","targetHints":{"allow":["GET"]}}],"collection":[{"href":"https:\/\/dranataliaflores.com\/es\/wp-json\/wp\/v2\/pages"}],"about":[{"href":"https:\/\/dranataliaflores.com\/es\/wp-json\/wp\/v2\/types\/page"}],"author":[{"embeddable":true,"href":"https:\/\/dranataliaflores.com\/es\/wp-json\/wp\/v2\/users\/1"}],"replies":[{"embeddable":true,"href":"https:\/\/dranataliaflores.com\/es\/wp-json\/wp\/v2\/comments?post=1049"}],"version-history":[{"count":1,"href":"https:\/\/dranataliaflores.com\/es\/wp-json\/wp\/v2\/pages\/1049\/revisions"}],"predecessor-version":[{"id":1050,"href":"https:\/\/dranataliaflores.com\/es\/wp-json\/wp\/v2\/pages\/1049\/revisions\/1050"}],"up":[{"embeddable":true,"href":"https:\/\/dranataliaflores.com\/es\/wp-json\/wp\/v2\/pages\/1044"}],"wp:attachment":[{"href":"https:\/\/dranataliaflores.com\/es\/wp-json\/wp\/v2\/media?parent=1049"}],"curies":[{"name":"wp","href":"https:\/\/api.w.org\/{rel}","templated":true}]}}