{"id":1044,"date":"2023-04-17T14:51:29","date_gmt":"2023-04-17T12:51:29","guid":{"rendered":"https:\/\/dranataliaflores.com\/coaching-nutricional\/"},"modified":"2023-05-27T08:49:46","modified_gmt":"2023-05-27T06:49:46","slug":"coaching-nutricional","status":"publish","type":"page","link":"https:\/\/dranataliaflores.com\/es\/coaching-nutricional\/","title":{"rendered":"Coaching Nutricional"},"content":{"rendered":"\t\t<div data-elementor-type=\"wp-page\" data-elementor-id=\"1044\" class=\"elementor elementor-1044 elementor-74\" data-elementor-post-type=\"page\">\n\t\t\t\t<div class=\"elementor-element elementor-element-5cdf850 e-flex e-con-boxed e-con e-parent\" data-id=\"5cdf850\" data-element_type=\"container\">\n\t\t\t\t\t<div class=\"e-con-inner\">\n\t\t\t\t<div class=\"elementor-element elementor-element-4e1dfa7 elementor-widget elementor-widget-heading\" data-id=\"4e1dfa7\" data-element_type=\"widget\" data-widget_type=\"heading.default\">\n\t\t\t\t<div class=\"elementor-widget-container\">\n\t\t\t\t\t<h1 class=\"elementor-heading-title elementor-size-default\">Coaching Nutricional<\/h1>\t\t\t\t<\/div>\n\t\t\t\t<\/div>\n\t\t\t\t<div class=\"elementor-element elementor-element-6f32d07 elementor-widget elementor-widget-text-editor\" data-id=\"6f32d07\" data-element_type=\"widget\" data-widget_type=\"text-editor.default\">\n\t\t\t\t<div class=\"elementor-widget-container\">\n\t\t\t\t\t\t\t\t\tEstamos todos muy ocupados y a menudo olvidamos cuidar de nuestro organismo.\nUn organismo sano nos permite movernos, trabajar, descansar, amar, jugar etc&#8230; en definitiva, nos permite vivir.\nNuestro entorno cada d\u00eda m\u00e1s contaminado y los niveles de estr\u00e9s creciente a los que estamos expuestos, nos obliga a tomar parte activa en lo que al cuidado de nuestra salud se refiere.\t\t\t\t\t\t\t\t<\/div>\n\t\t\t\t<\/div>\n\t\t\t\t<div class=\"elementor-element elementor-element-a5c430f elementor-widget elementor-widget-text-editor\" data-id=\"a5c430f\" data-element_type=\"widget\" data-widget_type=\"text-editor.default\">\n\t\t\t\t<div class=\"elementor-widget-container\">\n\t\t\t\t\t\t\t\t\t<div class\"rc_nota\">Un organismo bien nutrido a nivel f\u00edsico, mental y emocional, no enferma y su proceso de envejecimiento es lento y saludable.<\/a><\/p>\n\t\t\t\t\t\t\t\t<\/div>\n\t\t\t\t<\/div>\n\t\t\t\t\t<\/div>\n\t\t\t\t<\/div>\n\t\t<div class=\"elementor-element elementor-element-5c52338 e-flex e-con-boxed e-con e-parent\" data-id=\"5c52338\" data-element_type=\"container\">\n\t\t\t\t\t<div class=\"e-con-inner\">\n\t\t\t\t<div class=\"elementor-element elementor-element-ab8ae76 elementor-widget elementor-widget-image\" data-id=\"ab8ae76\" data-element_type=\"widget\" data-widget_type=\"image.default\">\n\t\t\t\t<div class=\"elementor-widget-container\">\n\t\t\t\t\t\t\t\t\t\t\t\t\t\t\t<img decoding=\"async\" width=\"230\" height=\"144\" src=\"https:\/\/dranataliaflores.com\/wp-content\/uploads\/2023\/05\/dofins.png\" class=\"attachment-large size-large wp-image-1009\" alt=\"\" \/>\t\t\t\t\t\t\t\t\t\t\t\t\t\t\t<\/div>\n\t\t\t\t<\/div>\n\t\t\t\t\t<\/div>\n\t\t\t\t<\/div>\n\t\t<div class=\"elementor-element elementor-element-e78c9a6 e-flex e-con-boxed e-con e-parent\" data-id=\"e78c9a6\" data-element_type=\"container\">\n\t\t\t\t\t<div class=\"e-con-inner\">\n\t\t\t\t<div class=\"elementor-element elementor-element-1f8ecaf elementor-widget elementor-widget-text-editor\" data-id=\"1f8ecaf\" data-element_type=\"widget\" data-widget_type=\"text-editor.default\">\n\t\t\t\t<div class=\"elementor-widget-container\">\n\t\t\t\t\t\t\t\t\t<p>Con el <strong>Coaching Nutricional<\/strong> puedo guiarte y apoyarte para conseguir y mantener un buen estado de salud.<\/p>\n<p>Muchos m\u00e9todos diet\u00e9ticos se basan en calor\u00edas, hidratos de carbono, grasas y prote\u00ednas. En lugar de entregarte largos listados con restricciones alimentarias y alimentos buenos y malos, yo trabajo asesorando a mis pacientes con el objetivo de llevar una vida sana y feliz, libre de renuncias y estrictas disciplinas.<\/p>\n\t\t\t\t\t\t\t\t<\/div>\n\t\t\t\t<\/div>\n\t\t\t\t<div class=\"elementor-element elementor-element-3b37daa elementor-widget elementor-widget-heading\" data-id=\"3b37daa\" data-element_type=\"widget\" data-widget_type=\"heading.default\">\n\t\t\t\t<div class=\"elementor-widget-container\">\n\t\t\t\t\t<h2 class=\"elementor-heading-title elementor-size-default\">No existe ninguna dieta que funcione para todos<\/h2>\t\t\t\t<\/div>\n\t\t\t\t<\/div>\n\t\t\t\t<div class=\"elementor-element elementor-element-d04a856 elementor-widget elementor-widget-image\" data-id=\"d04a856\" data-element_type=\"widget\" data-widget_type=\"image.default\">\n\t\t\t\t<div class=\"elementor-widget-container\">\n\t\t\t\t\t\t\t\t\t\t\t\t\t\t\t<img fetchpriority=\"high\" decoding=\"async\" width=\"578\" height=\"96\" src=\"https:\/\/dranataliaflores.com\/wp-content\/uploads\/2023\/05\/llibre-obert.png\" class=\"attachment-large size-large wp-image-1010\" alt=\"\" srcset=\"https:\/\/dranataliaflores.com\/wp-content\/uploads\/2023\/05\/llibre-obert.png 578w, https:\/\/dranataliaflores.com\/wp-content\/uploads\/2023\/05\/llibre-obert-300x50.png 300w\" sizes=\"(max-width: 578px) 100vw, 578px\" \/>\t\t\t\t\t\t\t\t\t\t\t\t\t\t\t<\/div>\n\t\t\t\t<\/div>\n\t\t\t\t<div class=\"elementor-element elementor-element-67ffbcb elementor-widget elementor-widget-text-editor\" data-id=\"67ffbcb\" data-element_type=\"widget\" data-widget_type=\"text-editor.default\">\n\t\t\t\t<div class=\"elementor-widget-container\">\n\t\t\t\t\t\t\t\t\tTe guiar\u00e9 para encontrar el tipo de alimentaci\u00f3n y el estilo de vida que mejor te encajen. Incorporaremos poco a poco los cambios de forma gradual, integr\u00e1ndolos en tus rutinas para ayudarte a conseguir todos tus objetivos.\n\n\t\t\t\t\t\t\t\t<\/div>\n\t\t\t\t<\/div>\n\t\t\t\t<div class=\"elementor-element elementor-element-a551f39 elementor-widget elementor-widget-image\" data-id=\"a551f39\" data-element_type=\"widget\" data-widget_type=\"image.default\">\n\t\t\t\t<div class=\"elementor-widget-container\">\n\t\t\t\t\t\t\t\t\t\t\t\t\t\t\t<img decoding=\"async\" width=\"400\" height=\"401\" src=\"https:\/\/dranataliaflores.com\/wp-content\/uploads\/2023\/05\/Sopa-de-tomaquet.jpg\" class=\"attachment-large size-large wp-image-1011\" alt=\"\" srcset=\"https:\/\/dranataliaflores.com\/wp-content\/uploads\/2023\/05\/Sopa-de-tomaquet.jpg 400w, https:\/\/dranataliaflores.com\/wp-content\/uploads\/2023\/05\/Sopa-de-tomaquet-300x300.jpg 300w, https:\/\/dranataliaflores.com\/wp-content\/uploads\/2023\/05\/Sopa-de-tomaquet-150x150.jpg 150w\" sizes=\"(max-width: 400px) 100vw, 400px\" \/>\t\t\t\t\t\t\t\t\t\t\t\t\t\t\t<\/div>\n\t\t\t\t<\/div>\n\t\t\t\t<div class=\"elementor-element elementor-element-fff9691 elementor-widget elementor-widget-text-editor\" data-id=\"fff9691\" data-element_type=\"widget\" data-widget_type=\"text-editor.default\">\n\t\t\t\t<div class=\"elementor-widget-container\">\n\t\t\t\t\t\t\t\t\t<p>Has recibido alguna vez sugerencias de vida sana que no has podido poner en pr\u00e1ctica?<\/p>\n<p>Hay cambios saludables en tu dieta o estilo de vida que no has podido mantener a lo largo del tiempo?<\/p>\n\t\t\t\t\t\t\t\t<\/div>\n\t\t\t\t<\/div>\n\t\t\t\t<div class=\"elementor-element elementor-element-8f49b94 elementor-widget elementor-widget-heading\" data-id=\"8f49b94\" data-element_type=\"widget\" data-widget_type=\"heading.default\">\n\t\t\t\t<div class=\"elementor-widget-container\">\n\t\t\t\t\t<h2 class=\"elementor-heading-title elementor-size-default\">Quieres vivir de forma m\u00e1s sana y no sabes c\u00f3mo hacerlo?<\/h2>\t\t\t\t<\/div>\n\t\t\t\t<\/div>\n\t\t\t\t<div class=\"elementor-element elementor-element-1b8140f elementor-widget elementor-widget-text-editor\" data-id=\"1b8140f\" data-element_type=\"widget\" data-widget_type=\"text-editor.default\">\n\t\t\t\t<div class=\"elementor-widget-container\">\n\t\t\t\t\t\t\t\t\t<p>Como M\u00e9dico y Coach Nutricional tengo la formaci\u00f3n para guiarte y apoyarte en la consecuci\u00f3n de tus objetivos, permitiendo que incorpores cambios estables para mejorar tu salud y felicidad.<\/p>\n<p>Sabr\u00e9 escucharte y guiarte en el muchas veces contradictorio mundo de la nutrici\u00f3n, determinando que cambios ser\u00e1n necesarios en tu d\u00eda a d\u00eda.<\/p>\n<p>Tu programa individualizado mejorar\u00e1 de forma radical tu salud y tu estado emocional. Juntos podremos explorar tus s\u00edntomas si existen y tus motivos de consulta para encontrar las herramientas necesarias para una vida en equilibrio.<\/p>\n\t\t\t\t\t\t\t\t<\/div>\n\t\t\t\t<\/div>\n\t\t\t\t<div class=\"elementor-element elementor-element-9796d79 elementor-align-center elementor-widget elementor-widget-button\" data-id=\"9796d79\" data-element_type=\"widget\" data-widget_type=\"button.default\">\n\t\t\t\t<div class=\"elementor-widget-container\">\n\t\t\t\t\t\t\t\t\t<div class=\"elementor-button-wrapper\">\n\t\t\t\t\t<a class=\"elementor-button elementor-button-link elementor-size-sm\" href=\"https:\/\/dranataliaflores.com\/es\/programa\/dieta-detox-6-dias\/\">\n\t\t\t\t\t\t<span class=\"elementor-button-content-wrapper\">\n\t\t\t\t\t\t\t\t\t<span class=\"elementor-button-text\">Accede a mi programa<\/span>\n\t\t\t\t\t<\/span>\n\t\t\t\t\t<\/a>\n\t\t\t\t<\/div>\n\t\t\t\t\t\t\t\t<\/div>\n\t\t\t\t<\/div>\n\t\t\t\t\t<\/div>\n\t\t\t\t<\/div>\n\t\t<div class=\"elementor-element elementor-element-4a9f416a e-flex e-con-boxed e-con e-parent\" data-id=\"4a9f416a\" data-element_type=\"container\" data-settings=\"{&quot;background_background&quot;:&quot;classic&quot;}\">\n\t\t\t\t\t<div class=\"e-con-inner\">\n\t\t<div class=\"elementor-element elementor-element-5ad26e22 e-flex e-con-boxed e-con e-parent\" data-id=\"5ad26e22\" data-element_type=\"container\">\n\t\t\t\t\t<div class=\"e-con-inner\">\n\t\t\t\t<div class=\"elementor-element elementor-element-3a396dc elementor-widget elementor-widget-text-editor\" data-id=\"3a396dc\" data-element_type=\"widget\" data-widget_type=\"text-editor.default\">\n\t\t\t\t<div class=\"elementor-widget-container\">\n\t\t\t\t\t\t\t\t\t<p>\u00bfQuieres saber m\u00e1s sobre Coaching Nutricional? ap\u00fantate a mi blog<\/p>\n\t\t\t\t\t\t\t\t<\/div>\n\t\t\t\t<\/div>\n\t\t\t\t<div class=\"elementor-element elementor-element-3afc49ec elementor-widget elementor-widget-text-editor\" data-id=\"3afc49ec\" data-element_type=\"widget\" data-widget_type=\"text-editor.default\">\n\t\t\t\t<div class=\"elementor-widget-container\">\n\t\t\t\t\t\t\t\t\t<p>\t\t<div data-elementor-type=\"section\" data-elementor-id=\"1425\" class=\"elementor elementor-1425 elementor-955\" data-elementor-post-type=\"elementor_library\">\n\t\t\t<div class=\"elementor-element elementor-element-70b8adb2 e-con-full e-flex e-con e-parent\" data-id=\"70b8adb2\" data-element_type=\"container\" data-settings=\"{&quot;background_background&quot;:&quot;classic&quot;}\">\n\t\t\t\t<div class=\"elementor-element elementor-element-8f9502e elementor-button-align-stretch elementor-widget elementor-widget-form\" data-id=\"8f9502e\" data-element_type=\"widget\" data-settings=\"{&quot;step_next_label&quot;:&quot;Siguiente&quot;,&quot;step_previous_label&quot;:&quot;Anterior&quot;,&quot;step_type&quot;:&quot;number_text&quot;,&quot;step_icon_shape&quot;:&quot;circle&quot;}\" data-widget_type=\"form.default\">\n\t\t\t\t<div class=\"elementor-widget-container\">\n\t\t\t\t\t\t\t<form class=\"elementor-form\" method=\"post\" name=\"Nuevo formulario\" aria-label=\"Nuevo formulario\">\n\t\t\t<input type=\"hidden\" name=\"post_id\" value=\"1425\"\/>\n\t\t\t<input type=\"hidden\" name=\"form_id\" value=\"8f9502e\"\/>\n\t\t\t<input type=\"hidden\" name=\"referer_title\" value=\"Coaching Nutricional\" \/>\n\n\t\t\t\t\t\t\t<input type=\"hidden\" name=\"queried_id\" value=\"1044\"\/>\n\t\t\t\n\t\t\t<div class=\"elementor-form-fields-wrapper elementor-labels-above\">\n\t\t\t\t\t\t\t\t<div class=\"elementor-field-type-html elementor-field-group elementor-column elementor-field-group-field_79b1bc4 elementor-col-100\">\n\t\t\t\t\t\t\t\t\t<\/div>\n\t\t\t\t\t\t\t\t<div class=\"elementor-field-type-text elementor-field-group elementor-column elementor-field-group-name elementor-col-50\">\n\t\t\t\t\t\t\t\t\t\t\t\t\t<input size=\"1\" type=\"text\" name=\"form_fields[name]\" id=\"form-field-name\" class=\"elementor-field elementor-size-xs  elementor-field-textual\" placeholder=\"Nombre\">\n\t\t\t\t\t\t\t\t\t\t\t<\/div>\n\t\t\t\t\t\t\t\t<div class=\"elementor-field-type-email elementor-field-group elementor-column elementor-field-group-email elementor-col-50 elementor-field-required\">\n\t\t\t\t\t\t\t\t\t\t\t\t\t<input size=\"1\" type=\"email\" name=\"form_fields[email]\" id=\"form-field-email\" class=\"elementor-field elementor-size-xs  elementor-field-textual\" placeholder=\"Correo electr\u00f3nico\" required=\"required\">\n\t\t\t\t\t\t\t\t\t\t\t<\/div>\n\t\t\t\t\t\t\t\t<div class=\"elementor-field-type-acceptance elementor-field-group elementor-column elementor-field-group-field_240bd89 elementor-col-100 elementor-field-required\">\n\t\t\t\t\t\t\t<div class=\"elementor-field-subgroup\">\n\t\t\t<span class=\"elementor-field-option\">\n\t\t\t\t<input type=\"checkbox\" name=\"form_fields[field_240bd89]\" id=\"form-field-field_240bd89\" class=\"elementor-field elementor-size-xs  elementor-acceptance-field\" required=\"required\">\n\t\t\t\t<label for=\"form-field-field_240bd89\">Estoy de acuerdo con la <a href=\"\/politica-de-privacitat\/\">pol\u00edtica de privacidad<\/a><\/label>\t\t\t<\/span>\n\t\t<\/div>\n\t\t\t\t\t\t<\/div>\n\t\t\t\t\t\t\t\t<div class=\"elementor-field-type-html elementor-field-group elementor-column elementor-field-group-field_7851f64 elementor-col-100\">\n\t\t\t\t\t<div class=\"rc_textos_formulario\"><p>En cumplimiento de la Ley Org\u00e1nica 15\/1999 de Protecci\u00f3n de Datos de car\u00e1cter personal, podr\u00e1 ejercitar su derecho de acceso, modificaci\u00f3n, cancelaci\u00f3n y oposici\u00f3n enviando un correo a <a href=\"mailto:info@dranataliaflores.com\"> info@dranataliaflores.com<\/a><\/p><\/div>\t\t\t\t<\/div>\n\t\t\t\t\t\t\t\t<div class=\"elementor-field-group elementor-column elementor-field-type-submit elementor-col-100 e-form__buttons\">\n\t\t\t\t\t<button class=\"elementor-button elementor-size-sm\" type=\"submit\">\n\t\t\t\t\t\t<span class=\"elementor-button-content-wrapper\">\n\t\t\t\t\t\t\t\t\t\t\t\t\t\t\t\t\t\t\t\t\t\t<span class=\"elementor-button-text\">Enviar<\/span>\n\t\t\t\t\t\t\t\t\t\t\t\t\t<\/span>\n\t\t\t\t\t<\/button>\n\t\t\t\t<\/div>\n\t\t\t<\/div>\n\t\t<\/form>\n\t\t\t\t\t\t<\/div>\n\t\t\t\t<\/div>\n\t\t\t\t<\/div>\n\t\t\t\t<\/div>\n\t\t<\/p>\n\t\t\t\t\t\t\t\t<\/div>\n\t\t\t\t<\/div>\n\t\t\t\t\t<\/div>\n\t\t\t\t<\/div>\n\t\t\t\t\t<\/div>\n\t\t\t\t<\/div>\n\t\t\t\t<\/div>\n\t\t","protected":false},"excerpt":{"rendered":"<p>Estamos todos muy ocupados y a menudo olvidamos cuidar de nuestro organismo. Un organismo sano nos permite movernos, trabajar, descansar, amar, jugar etc&#8230; en definitiva, nos permite vivir. Nuestro entorno cada d\u00eda m\u00e1s contaminado y los niveles de estr\u00e9s creciente a los que estamos expuestos, nos obliga a tomar parte activa en lo que al [&hellip;]<\/p>\n","protected":false},"author":1,"featured_media":0,"parent":0,"menu_order":0,"comment_status":"closed","ping_status":"closed","template":"","meta":{"footnotes":""},"class_list":["post-1044","page","type-page","status-publish","hentry","entry"],"_links":{"self":[{"href":"https:\/\/dranataliaflores.com\/es\/wp-json\/wp\/v2\/pages\/1044","targetHints":{"allow":["GET"]}}],"collection":[{"href":"https:\/\/dranataliaflores.com\/es\/wp-json\/wp\/v2\/pages"}],"about":[{"href":"https:\/\/dranataliaflores.com\/es\/wp-json\/wp\/v2\/types\/page"}],"author":[{"embeddable":true,"href":"https:\/\/dranataliaflores.com\/es\/wp-json\/wp\/v2\/users\/1"}],"replies":[{"embeddable":true,"href":"https:\/\/dranataliaflores.com\/es\/wp-json\/wp\/v2\/comments?post=1044"}],"version-history":[{"count":13,"href":"https:\/\/dranataliaflores.com\/es\/wp-json\/wp\/v2\/pages\/1044\/revisions"}],"predecessor-version":[{"id":1466,"href":"https:\/\/dranataliaflores.com\/es\/wp-json\/wp\/v2\/pages\/1044\/revisions\/1466"}],"wp:attachment":[{"href":"https:\/\/dranataliaflores.com\/es\/wp-json\/wp\/v2\/media?parent=1044"}],"curies":[{"name":"wp","href":"https:\/\/api.w.org\/{rel}","templated":true}]}}